{"id":552,"date":"2014-12-01T10:55:01","date_gmt":"2014-12-01T09:55:01","guid":{"rendered":"http:\/\/www.obsfin.ch\/?page_id=552"},"modified":"2014-12-17T12:10:04","modified_gmt":"2014-12-17T11:10:04","slug":"wer-sind-wir","status":"publish","type":"page","link":"https:\/\/www.obsfin.ch\/de\/die-stiftung-des-observatoire\/wer-sind-wir\/","title":{"rendered":"Wer sind wir?"},"content":{"rendered":"<p>Das Observatoire de la Finance ist anfangs der 1990er Jahre aus einer in jenen Jahren gestellten Frage entstanden: \u201eFinanzm\u00e4rkte: Wozu dienen sie und welches ist ihr Einfluss?\u201c Der im Jahre 1993 auf Franz\u00f6sisch erschienene Bericht \u201eIst die Zielsetzung der Finanzm\u00e4rkte realistisch?\u201c f\u00fchrte 1996 zur Gr\u00fcndung des Observatoire de la Finance.<\/p>\n<p>Heute ist das Observatoire de la Finance ein Think-Tank, welches das Bindeglied zwischen der technischen und der praktischen Finanzanalyse einerseits und den Erfordernissen des Gemeinwohls anderseits bildet. <strong>Es gilt daher, die Frage des \u201eWie?\u201c abzukl\u00e4ren, um daraufhin sachkompetent auf jene des \u201eWarum?\u201c eingehen zu k\u00f6nnen.<\/strong> Das Observatoire de la Finance ist eine unabh\u00e4ngige, politisch und religi\u00f6s neutrale Institution.<\/p>\n<p>Die Aktivit\u00e4ten des Observatoire de la Finance bezwecken:<\/p>\n<ul>\n<li>Die Entwicklung und Formulierung von Ideen: \u00dcberlegungen sowie pluridisziplin\u00e4re Diagnosen zu ausgew\u00e4hlten Aspekten aus der Finanz- und Wirtschaftswelt und ihr Verh\u00e4ltnis zur Gesellschaft.<\/li>\n<li>Das Einbringen von neuen Ideen und Stellungnahmen: Bei der im Voraus durchgef\u00fchrten Analyse geht es darum, diese zusammen mit den betroffenen Vertragsparteien und den involvierten Institutionen zu diskutieren, sie zu pr\u00fcfen, zu verfeinern und umzusetzen.<\/li>\n<li>Die Schaffung eines dynamischen Austauschprozesses zwecks Verringerung der Distanz zwischen der technischen Komponente der Finanzwelt und ihrer ethischen Dimension.<\/li>\n<\/ul>\n<p>Dank seinen fundierten Analysen und seiner hochwertigen Qualit\u00e4t als Kooperations- und Dialogpartner hat sich das Observatoire de la Finance nach und nach zu einem glaubw\u00fcrdigen Kompetenzzentrum betreffend Verantwortung und ethisches Verhalten in der Finanzwelt entwickelt. In einer Zeit, wo sich vielf\u00e4ltige Fragen betreffend Ethik wie auch Nachhaltigkeit stellen, m\u00f6chte das Observatoire seine Kompetenzen weiter entfalten und seinen Partnern und der \u00d6ffentlichkeit zur Verf\u00fcgung stellen<\/p>\n","protected":false},"excerpt":{"rendered":"<p>Das Observatoire de la Finance ist anfangs der 1990er Jahre aus einer in jenen Jahren gestellten Frage entstanden: \u201eFinanzm\u00e4rkte: Wozu [&hellip;]<\/p>\n","protected":false},"author":5,"featured_media":0,"parent":580,"menu_order":1,"comment_status":"closed","ping_status":"closed","template":"page-templates\/full-width.php","meta":{"site-sidebar-layout":"default","site-content-layout":"","ast-site-content-layout":"default","site-content-style":"default","site-sidebar-style":"default","ast-global-header-display":"","ast-banner-title-visibility":"","ast-main-header-display":"","ast-hfb-above-header-display":"","ast-hfb-below-header-display":"","ast-hfb-mobile-header-display":"","site-post-title":"","ast-breadcrumbs-content":"","ast-featured-img":"","footer-sml-layout":"","ast-disable-related-posts":"","theme-transparent-header-meta":"","adv-header-id-meta":"","stick-header-meta":"","header-above-stick-meta":"","header-main-stick-meta":"","header-below-stick-meta":"","astra-migrate-meta-layouts":"default","ast-page-background-enabled":"default","ast-page-background-meta":{"desktop":{"background-color":"var(--ast-global-color-4)","background-image":"","background-repeat":"repeat","background-position":"center center","background-size":"auto","background-attachment":"scroll","background-type":"","background-media":"","overlay-type":"","overlay-color":"","overlay-opacity":"","overlay-gradient":""},"tablet":{"background-color":"","background-image":"","background-repeat":"repeat","background-position":"center center","background-size":"auto","background-attachment":"scroll","background-type":"","background-media":"","overlay-type":"","overlay-color":"","overlay-opacity":"","overlay-gradient":""},"mobile":{"background-color":"","background-image":"","background-repeat":"repeat","background-position":"center center","background-size":"auto","background-attachment":"scroll","background-type":"","background-media":"","overlay-type":"","overlay-color":"","overlay-opacity":"","overlay-gradient":""}},"ast-content-background-meta":{"desktop":{"background-color":"var(--ast-global-color-5)","background-image":"","background-repeat":"repeat","background-position":"center center","background-size":"auto","background-attachment":"scroll","background-type":"","background-media":"","overlay-type":"","overlay-color":"","overlay-opacity":"","overlay-gradient":""},"tablet":{"background-color":"var(--ast-global-color-5)","background-image":"","background-repeat":"repeat","background-position":"center center","background-size":"auto","background-attachment":"scroll","background-type":"","background-media":"","overlay-type":"","overlay-color":"","overlay-opacity":"","overlay-gradient":""},"mobile":{"background-color":"var(--ast-global-color-5)","background-image":"","background-repeat":"repeat","background-position":"center center","background-size":"auto","background-attachment":"scroll","background-type":"","background-media":"","overlay-type":"","overlay-color":"","overlay-opacity":"","overlay-gradient":""}},"footnotes":""},"class_list":["post-552","page","type-page","status-publish","hentry"],"_links":{"self":[{"href":"https:\/\/www.obsfin.ch\/de\/wp-json\/wp\/v2\/pages\/552","targetHints":{"allow":["GET"]}}],"collection":[{"href":"https:\/\/www.obsfin.ch\/de\/wp-json\/wp\/v2\/pages"}],"about":[{"href":"https:\/\/www.obsfin.ch\/de\/wp-json\/wp\/v2\/types\/page"}],"author":[{"embeddable":true,"href":"https:\/\/www.obsfin.ch\/de\/wp-json\/wp\/v2\/users\/5"}],"replies":[{"embeddable":true,"href":"https:\/\/www.obsfin.ch\/de\/wp-json\/wp\/v2\/comments?post=552"}],"version-history":[{"count":1,"href":"https:\/\/www.obsfin.ch\/de\/wp-json\/wp\/v2\/pages\/552\/revisions"}],"predecessor-version":[{"id":553,"href":"https:\/\/www.obsfin.ch\/de\/wp-json\/wp\/v2\/pages\/552\/revisions\/553"}],"up":[{"embeddable":true,"href":"https:\/\/www.obsfin.ch\/de\/wp-json\/wp\/v2\/pages\/580"}],"wp:attachment":[{"href":"https:\/\/www.obsfin.ch\/de\/wp-json\/wp\/v2\/media?parent=552"}],"curies":[{"name":"wp","href":"https:\/\/api.w.org\/{rel}","templated":true}]}}