{"id":554,"date":"2014-12-01T10:56:51","date_gmt":"2014-12-01T09:56:51","guid":{"rendered":"http:\/\/www.obsfin.ch\/?page_id=554"},"modified":"2014-12-17T12:10:32","modified_gmt":"2014-12-17T11:10:32","slug":"die-zielsetzung","status":"publish","type":"page","link":"https:\/\/www.obsfin.ch\/de\/die-stiftung-des-observatoire\/die-zielsetzung\/","title":{"rendered":"Die Zielsetzung"},"content":{"rendered":"<p>Die Wirtschaft nimmt heute eine zentrale Stelle in der Gesellschaft ein und alles dreht sich in der Wirtschaftswelt um die Finanzen. Die Finanzwelt l\u00e4sst sich jedoch nicht auf die Techniken, Instrumente und Finanzinstitutionen reduzieren; sie beinhaltet die Modelle, die Denkmethoden und die ethischen Werte, welche diese Techniken implizit oder explizit steuern. Als Folge daraus sind heute die zwischen der Finanzwelt im weitesten Sinne und den Gesellschaftskreisen gepflegten Beziehungen entscheidend f\u00fcr die wirtschaftliche, kulturelle und ethische Zukunft unseres Planeten. Die F\u00f6rderung und Entwicklung dieser Beziehungen ist langfristig nur dann lebensf\u00e4hig (einige w\u00fcrden von nachhaltig sprechen), wenn sie die Suche nach dem Gemeinwohl einschliesst. \u00dcber die erforderlichen technischen Kompetenzen hinaus erfordert dies jedoch den guten Willen der wichtigsten Akteure.<\/p>\n<p><strong>Die Zielsetzung des Observatoire de la Finance besteht darin, innerhalb der Finanzaktivit\u00e4ten und durch sie die Erfordernisse des Gemeinwohls zu ber\u00fccksichtigen. Daf\u00fcr setzt das Observatoire auf einen kontinuierlichen Dialog und auf kritische \u00dcberlegungen, welche unabh\u00e4ngig, umfassend, seri\u00f6s und interdisziplin\u00e4r ausgerichtet sind und sowohl die Akteure als auch Intellektuelle miteinbeziehen.<\/strong><\/p>\n<p>Unsere Aktivit\u00e4ten stellen auf den drei folgenden Grund\u00fcberzeugungen ab:<\/p>\n<ul>\n<li>Die Finanzaktivit\u00e4ten sind unerl\u00e4sslich f\u00fcr Fortschritt und Entwicklung; sie bilden ihr unverzichtbares Instrument, ohne dabei ihr letztes Ziel zu sein.<\/li>\n<li>Das Gemeinwohl ist nicht ein Gesellschaftsprojekt, sondern ergibt sich aus den Handlungen der Akteure, die nicht zwingend gemeinschaftlich erfolgen, und die sich sowohl um das Wohl der Einzelperson als auch um jenes der Gemeinschaft k\u00fcmmer.<\/li>\n<li>Der f\u00fcr die Erfordernisse des Gemeinwohls sensibilisierte Mensch wird bef\u00e4higt, diese Erfordenrisse im Rahmen seines Berufslebens insgesamt zu ber\u00fccksichtigen, sei es als Entscheidungstr\u00e4ger, als Gestalter oder als Kommunikator.<\/li>\n<\/ul>\n","protected":false},"excerpt":{"rendered":"<p>Die Wirtschaft nimmt heute eine zentrale Stelle in der Gesellschaft ein und alles dreht sich in der Wirtschaftswelt um die [&hellip;]<\/p>\n","protected":false},"author":5,"featured_media":0,"parent":580,"menu_order":2,"comment_status":"closed","ping_status":"closed","template":"page-templates\/full-width.php","meta":{"site-sidebar-layout":"default","site-content-layout":"","ast-site-content-layout":"default","site-content-style":"default","site-sidebar-style":"default","ast-global-header-display":"","ast-banner-title-visibility":"","ast-main-header-display":"","ast-hfb-above-header-display":"","ast-hfb-below-header-display":"","ast-hfb-mobile-header-display":"","site-post-title":"","ast-breadcrumbs-content":"","ast-featured-img":"","footer-sml-layout":"","ast-disable-related-posts":"","theme-transparent-header-meta":"","adv-header-id-meta":"","stick-header-meta":"","header-above-stick-meta":"","header-main-stick-meta":"","header-below-stick-meta":"","astra-migrate-meta-layouts":"default","ast-page-background-enabled":"default","ast-page-background-meta":{"desktop":{"background-color":"var(--ast-global-color-4)","background-image":"","background-repeat":"repeat","background-position":"center center","background-size":"auto","background-attachment":"scroll","background-type":"","background-media":"","overlay-type":"","overlay-color":"","overlay-opacity":"","overlay-gradient":""},"tablet":{"background-color":"","background-image":"","background-repeat":"repeat","background-position":"center center","background-size":"auto","background-attachment":"scroll","background-type":"","background-media":"","overlay-type":"","overlay-color":"","overlay-opacity":"","overlay-gradient":""},"mobile":{"background-color":"","background-image":"","background-repeat":"repeat","background-position":"center center","background-size":"auto","background-attachment":"scroll","background-type":"","background-media":"","overlay-type":"","overlay-color":"","overlay-opacity":"","overlay-gradient":""}},"ast-content-background-meta":{"desktop":{"background-color":"var(--ast-global-color-5)","background-image":"","background-repeat":"repeat","background-position":"center center","background-size":"auto","background-attachment":"scroll","background-type":"","background-media":"","overlay-type":"","overlay-color":"","overlay-opacity":"","overlay-gradient":""},"tablet":{"background-color":"var(--ast-global-color-5)","background-image":"","background-repeat":"repeat","background-position":"center center","background-size":"auto","background-attachment":"scroll","background-type":"","background-media":"","overlay-type":"","overlay-color":"","overlay-opacity":"","overlay-gradient":""},"mobile":{"background-color":"var(--ast-global-color-5)","background-image":"","background-repeat":"repeat","background-position":"center center","background-size":"auto","background-attachment":"scroll","background-type":"","background-media":"","overlay-type":"","overlay-color":"","overlay-opacity":"","overlay-gradient":""}},"footnotes":""},"class_list":["post-554","page","type-page","status-publish","hentry"],"_links":{"self":[{"href":"https:\/\/www.obsfin.ch\/de\/wp-json\/wp\/v2\/pages\/554","targetHints":{"allow":["GET"]}}],"collection":[{"href":"https:\/\/www.obsfin.ch\/de\/wp-json\/wp\/v2\/pages"}],"about":[{"href":"https:\/\/www.obsfin.ch\/de\/wp-json\/wp\/v2\/types\/page"}],"author":[{"embeddable":true,"href":"https:\/\/www.obsfin.ch\/de\/wp-json\/wp\/v2\/users\/5"}],"replies":[{"embeddable":true,"href":"https:\/\/www.obsfin.ch\/de\/wp-json\/wp\/v2\/comments?post=554"}],"version-history":[{"count":2,"href":"https:\/\/www.obsfin.ch\/de\/wp-json\/wp\/v2\/pages\/554\/revisions"}],"predecessor-version":[{"id":556,"href":"https:\/\/www.obsfin.ch\/de\/wp-json\/wp\/v2\/pages\/554\/revisions\/556"}],"up":[{"embeddable":true,"href":"https:\/\/www.obsfin.ch\/de\/wp-json\/wp\/v2\/pages\/580"}],"wp:attachment":[{"href":"https:\/\/www.obsfin.ch\/de\/wp-json\/wp\/v2\/media?parent=554"}],"curies":[{"name":"wp","href":"https:\/\/api.w.org\/{rel}","templated":true}]}}