{"id":557,"date":"2014-12-01T11:15:59","date_gmt":"2014-12-01T10:15:59","guid":{"rendered":"http:\/\/www.obsfin.ch\/?page_id=557"},"modified":"2022-06-23T10:14:33","modified_gmt":"2022-06-23T08:14:33","slug":"der-stiftungsrat","status":"publish","type":"page","link":"https:\/\/www.obsfin.ch\/de\/die-stiftung-des-observatoire\/der-stiftungsrat\/","title":{"rendered":"Der Stiftungsrat"},"content":{"rendered":"<p>Das <em>Observatoire de la Finance<\/em> ist eine Stiftung des schweizerischen Rechts mit internationaler Ausrichtung und untersteht der Stiftungsaufsicht des Eidgen\u00f6ssischen Departements des Innern (EDI). Die Stiftung wird geleitet durch einen Stiftungsrat, welcher \u00fcber die Aktivit\u00e4tsbereiche bestimmt und das Budget festlegt.<\/p>\n<h2 style=\"text-align: center;\">\u00a0Mitglieder des Stiftungsratesl<\/h2>\n<p><span style=\"text-decoration: underline;\"><span class=\"\" lang=\"EN-US\">Jean-Christophe Pernollet<\/span>, Pr\u00e4sident<\/span><\/p>\n<p>Jean-Christophe Pernollet hat umfangreiche internationale Erfahrungen als Gesch\u00e4ftsf\u00fchrer und Verwaltungsrat gepaart mit einem funktionalen Fachwissen in den Bereichen Finanzen, Risiken und Compliance. Er war Audit Partner von PricewaterhouseCoopers, akkreditiert bei der FINMA, der schweizerischen Finanzaufsicht. Seit 2010 hat er F\u00fchrungsfunktionen in einer auf Verm\u00f6gensverwaltung spezialisierten Finanzgruppe inne. Seit 2015 ist er unabh\u00e4ngiges Verwaltungsratsmitglied und Vorsitzender des Pr\u00fcfungs- und Risikoausschusses einer grossen Schweizer Fintech.<\/p>\n<p><span style=\"text-decoration: underline;\">Paul H. Dembinski<\/span><\/p>\n<p>Seit der Gr\u00fcndung des Observatoire de la Finance wurde die Direktion der Stiftung Paul H. Dembinski anvertraut. Paul H. Dembinski ist Politologe der Universit\u00e4t Genf, wo er auch ein Doktorat in Volkswirtschaft erworben hat. Seit 1979 unterrichtet er an der Universit\u00e4t Genf, danach wurde er als assoziierter Professor an die Wirtschafts- und Sozialwissenschaftliche Fakult\u00e4t der Universit\u00e4t Freiburg gew\u00e4hlt. 1989 gr\u00fcndete er zusammen mit Alain Schoenenberger Eco\u2019Diagnostic.<\/p>\n<p><span style=\"text-decoration: underline;\">Andrew Hilton<\/span><\/p>\n<p>Absolvent von Oxford und von Wharton und Doktor der Universit\u00e4t Pennsylvania ist Andrew Hilton Direktor und Mitbegr\u00fcnder des Zentrums f\u00fcr das Studium von Finanzinnovationen, welches 1993 in London entstanden ist. Das Zentrum analysiert neue Entwicklungen im Bereich der internationalen Bankdienstleistungen. Andrew Hilton ist ebenso Direktor einer Gruppe von Wirtschaftsberatern, welche f\u00fcr Regierungskunden im Mittleren Osten arbeiten. Fr\u00fcher war er f\u00fcr die Financial Times in New York und f\u00fcr die Weltbank in Washington t\u00e4tig.<\/p>\n<p><span style=\"text-decoration: underline;\">Paul-Andr\u00e9 Sanglard<\/span><\/p>\n<p>Paul-Andr\u00e9 Sanglard ist \u00d6konom. Zun\u00e4chst war er Finanzdirektor des 1979 neu gegr\u00fcndeten Kantons Jura (Schweiz), danach Direktionsmitglied des \u201eWorld Economic Forum\u201c. Seit 1989 ist er Verwaltungsrat in mehreren Unternehmen. Im Finanzbereich ist er Pr\u00e4sident der Jurassischen Kantonalbank und der Vaudoise Versicherungen und Mitglied des Verwaltungsrates der Waadtl\u00e4nder Kantonalbank.<\/p>\n<p>&nbsp;<\/p>\n<h2 style=\"text-align: center;\">Fr\u00fchere Mitglieder des Stiftungsrates<\/h2>\n<p>Die schon verstorbenen Professor Maurice Cosandey, Jean-Loup Dherse, Emilio Fontela und Anthony Travias haben im Stiftungsrat des Observatoire de la Finance mitgearbeitet.<br \/>\nAls dipl. Ingenieur ETHL hat Prof. <span style=\"text-decoration: underline;\">Maurice Cosandey<\/span> bei den Arbeiten, welche zur Gr\u00fcndung des Observatoire de la Finance gef\u00fchrt haben, mitgearbeitet. Den gr\u00f6ssten Teil seiner Karriere verbrachte er im universit\u00e4ren Bildungsbereich. Er war Professor und Pr\u00e4sident der Eidg. Technischen Hochschule in Lausannne (ex-EPUL), schliessslich Pr\u00e4sident des Rates der Eidg. Technischen Hochschulen.<br \/>\n<span style=\"text-decoration: underline;\">Jean-Loup Dherse<\/span> war Administrator mehrerer Unternehmen, Verantwortlicher von Vereinen und Co-Pr\u00e4sident des Runden Tisches von Caux.<br \/>\n<span style=\"text-decoration: underline;\">Emilio Fontela<\/span> war Sonderberater der Europ\u00e4ischen Kommission und Autor einer Vielzahl von wissenschaftlichen Ver\u00f6ffentlichungen im Bereich der angewandten \u00d6konometrie sowie der wirtschaftlichen und sozialen Prognose.<br \/>\n<span style=\"text-decoration: underline;\">Anthony Travis<\/span> war Senior Partner bei PricewaterhouseCoopers (PwC) in Genf. Er hat in Europa, Afrika und dem Mittleren Osten gearbeitet.<\/p>\n<p><span style=\"text-decoration: underline;\">Ernesto Rossi di Montelera<\/span> verf\u00fcgt \u00fcber eine juristische, theologische und philosophische Ausbildung und hat daraufhin in verschiedenen Funktionen in einer Industriegruppe seiner Familie gearbeitet. Im Rahmen seiner kulturellen Interessen pr\u00e4sidierte er das katholische Studienzentrum in Genf.<\/p>\n","protected":false},"excerpt":{"rendered":"<p>Das Observatoire de la Finance ist eine Stiftung des schweizerischen Rechts mit internationaler Ausrichtung und untersteht der Stiftungsaufsicht des Eidgen\u00f6ssischen [&hellip;]<\/p>\n","protected":false},"author":5,"featured_media":0,"parent":580,"menu_order":3,"comment_status":"closed","ping_status":"closed","template":"page-templates\/full-width.php","meta":{"site-sidebar-layout":"default","site-content-layout":"","ast-site-content-layout":"default","site-content-style":"default","site-sidebar-style":"default","ast-global-header-display":"","ast-banner-title-visibility":"","ast-main-header-display":"","ast-hfb-above-header-display":"","ast-hfb-below-header-display":"","ast-hfb-mobile-header-display":"","site-post-title":"","ast-breadcrumbs-content":"","ast-featured-img":"","footer-sml-layout":"","ast-disable-related-posts":"","theme-transparent-header-meta":"","adv-header-id-meta":"","stick-header-meta":"","header-above-stick-meta":"","header-main-stick-meta":"","header-below-stick-meta":"","astra-migrate-meta-layouts":"default","ast-page-background-enabled":"default","ast-page-background-meta":{"desktop":{"background-color":"var(--ast-global-color-4)","background-image":"","background-repeat":"repeat","background-position":"center center","background-size":"auto","background-attachment":"scroll","background-type":"","background-media":"","overlay-type":"","overlay-color":"","overlay-opacity":"","overlay-gradient":""},"tablet":{"background-color":"","background-image":"","background-repeat":"repeat","background-position":"center center","background-size":"auto","background-attachment":"scroll","background-type":"","background-media":"","overlay-type":"","overlay-color":"","overlay-opacity":"","overlay-gradient":""},"mobile":{"background-color":"","background-image":"","background-repeat":"repeat","background-position":"center center","background-size":"auto","background-attachment":"scroll","background-type":"","background-media":"","overlay-type":"","overlay-color":"","overlay-opacity":"","overlay-gradient":""}},"ast-content-background-meta":{"desktop":{"background-color":"var(--ast-global-color-5)","background-image":"","background-repeat":"repeat","background-position":"center center","background-size":"auto","background-attachment":"scroll","background-type":"","background-media":"","overlay-type":"","overlay-color":"","overlay-opacity":"","overlay-gradient":""},"tablet":{"background-color":"var(--ast-global-color-5)","background-image":"","background-repeat":"repeat","background-position":"center center","background-size":"auto","background-attachment":"scroll","background-type":"","background-media":"","overlay-type":"","overlay-color":"","overlay-opacity":"","overlay-gradient":""},"mobile":{"background-color":"var(--ast-global-color-5)","background-image":"","background-repeat":"repeat","background-position":"center center","background-size":"auto","background-attachment":"scroll","background-type":"","background-media":"","overlay-type":"","overlay-color":"","overlay-opacity":"","overlay-gradient":""}},"footnotes":""},"class_list":["post-557","page","type-page","status-publish","hentry"],"_links":{"self":[{"href":"https:\/\/www.obsfin.ch\/de\/wp-json\/wp\/v2\/pages\/557","targetHints":{"allow":["GET"]}}],"collection":[{"href":"https:\/\/www.obsfin.ch\/de\/wp-json\/wp\/v2\/pages"}],"about":[{"href":"https:\/\/www.obsfin.ch\/de\/wp-json\/wp\/v2\/types\/page"}],"author":[{"embeddable":true,"href":"https:\/\/www.obsfin.ch\/de\/wp-json\/wp\/v2\/users\/5"}],"replies":[{"embeddable":true,"href":"https:\/\/www.obsfin.ch\/de\/wp-json\/wp\/v2\/comments?post=557"}],"version-history":[{"count":8,"href":"https:\/\/www.obsfin.ch\/de\/wp-json\/wp\/v2\/pages\/557\/revisions"}],"predecessor-version":[{"id":5059,"href":"https:\/\/www.obsfin.ch\/de\/wp-json\/wp\/v2\/pages\/557\/revisions\/5059"}],"up":[{"embeddable":true,"href":"https:\/\/www.obsfin.ch\/de\/wp-json\/wp\/v2\/pages\/580"}],"wp:attachment":[{"href":"https:\/\/www.obsfin.ch\/de\/wp-json\/wp\/v2\/media?parent=557"}],"curies":[{"name":"wp","href":"https:\/\/api.w.org\/{rel}","templated":true}]}}