{"id":562,"date":"2014-12-01T11:30:55","date_gmt":"2014-12-01T10:30:55","guid":{"rendered":"http:\/\/www.obsfin.ch\/?page_id=562"},"modified":"2014-12-17T12:09:31","modified_gmt":"2014-12-17T11:09:31","slug":"mitgliederstatus-beim-observatoire","status":"publish","type":"page","link":"https:\/\/www.obsfin.ch\/de\/die-stiftung-des-observatoire\/mitgliederstatus-beim-observatoire\/","title":{"rendered":"Mitgliederstatus beim Observatoire"},"content":{"rendered":"<p>Als Mitglieder des Observatoire de la Finance k\u00f6nnen aufgenommen werden Unternehmen, Stiftungen, Verb\u00e4nde oder Einzelmitglieder, die eine Stiftung unterst\u00fctzen wollen, deren prim\u00e4re Zielsetzung die Forschung und F\u00f6rderung des Gemeinwohls innerhalb und durch Finanzaktivit\u00e4ten ist.<\/p>\n<p>&nbsp;<\/p>\n<p><strong>(1) Einzelmitglieder \u2013 Jahresbeitrag von CHF 300.&#8211;<\/strong><\/p>\n<p>Einzelmitglieder unterst\u00fctzten das Observatoire mit einem Jahresbeitrag von CHF 300.&#8211;.<\/p>\n<p>Einzelmitglieder haben Anspruch auf:<br \/>\n&#8211; ein Jahresabonnement der Zeitschrift Finance &amp; the Common Good\/Bien Commun.<br \/>\n&#8211; die Teilnahme an den Veranstaltungen und Aktivit\u00e4ten des Observatoire mit einem Rabatt von 50 % auf die Einschreibegeb\u00fchren.<br \/>\n&#8211; die Teilnahme an den Diskussionen der verschiedenen Arbeitsgruppen.<\/p>\n<p><strong>(2) Institutionelle Mitglieder \u2013 Jahresbeitrag ab CHF 5&#8217;000.&#8211;<\/strong><\/p>\n<p>Institutionelle Mitglieder leisten einen Jahresbeitrag von CHF 5&#8217;000 oder mehr, verbunden mit einem ersten Engagement von drei bis f\u00fcnf Jahren.<\/p>\n<p>Die institutionellen Mitglieder haben Anspruch auf:<br \/>\n&#8211; Drei Jahresabonnemente der Zeitschrift Finance &amp; the Common Good\/Bien Commun.<br \/>\n&#8211; die Teilnahme von drei seiner Mitarbeiter oder eingeladenen G\u00e4ste an den Veranstaltungen und Aktivit\u00e4ten des Observatoire mit einem Rabatt von 50 % auf die Einschreibegeb\u00fchren.<br \/>\n&#8211; die Teilnahme an den Diskussionen der Arbeitsgruppen f\u00fcr die Mitarbeiter und die eingeladenen G\u00e4ste betr. sie interessierende Themen.<br \/>\n&#8211; einen Eintrag auf der Homepage des Observatoire (mit Firmenzeichen) sowie die Anf\u00fchrung ihrer Namen anl\u00e4sslich von Veranstaltungen des Observatoire (Verteilung von Brosch\u00fcren, usw.).<\/p>\n<p><strong>(3) Partnermitgliedschaft \u2013 Jahresbeitrag ab CHF 30&#8217;000.&#8211;<\/strong><\/p>\n<p>Partnermitglieder unterst\u00fctzen das Observatoire mit einem Jahresbeitrag ab CHF 30&#8217;000.&#8211;, verbunden mit einem ersten Engagement von drei bis f\u00fcnf Jahren.<\/p>\n<p>Die Partnerschaftsmitglieder haben Anspruch auf:<br \/>\n&#8211; ein unbefristetes Abonnement f\u00fcr die Zeitschrift Finance &amp; the Common Good\/Bien Commun.<br \/>\n&#8211; die Gratisteilnahme von zwei ihrer Mitarbeiter an den Veranstaltungen, Konferenzen und Aktivit\u00e4ten des Observatoire.<br \/>\n&#8211; die M\u00f6glichkeit zur Teilnahme an den Diskussionen der Arbeitsgruppen f\u00fcr die Mitarbeiter und die eingeladenen G\u00e4ste bez\u00fcglich der Themen, welche sie interessieren.<br \/>\n&#8211; einen Eintrag des Partnermitglieds auf der Homepage des Observatoire (mit Firmenzeichen) sowie Verteilung von Werbe &#8211; und Promotionsartikeln an den Veranstaltungen des Observatoire.<br \/>\n&#8211; die Organisation von internen Seminarien auf Antrag des Partnermitglieds.<\/p>\n","protected":false},"excerpt":{"rendered":"<p>Als Mitglieder des Observatoire de la Finance k\u00f6nnen aufgenommen werden Unternehmen, Stiftungen, Verb\u00e4nde oder Einzelmitglieder, die eine Stiftung unterst\u00fctzen wollen, [&hellip;]<\/p>\n","protected":false},"author":5,"featured_media":0,"parent":580,"menu_order":5,"comment_status":"closed","ping_status":"closed","template":"page-templates\/full-width.php","meta":{"site-sidebar-layout":"default","site-content-layout":"","ast-site-content-layout":"default","site-content-style":"default","site-sidebar-style":"default","ast-global-header-display":"","ast-banner-title-visibility":"","ast-main-header-display":"","ast-hfb-above-header-display":"","ast-hfb-below-header-display":"","ast-hfb-mobile-header-display":"","site-post-title":"","ast-breadcrumbs-content":"","ast-featured-img":"","footer-sml-layout":"","ast-disable-related-posts":"","theme-transparent-header-meta":"","adv-header-id-meta":"","stick-header-meta":"","header-above-stick-meta":"","header-main-stick-meta":"","header-below-stick-meta":"","astra-migrate-meta-layouts":"default","ast-page-background-enabled":"default","ast-page-background-meta":{"desktop":{"background-color":"var(--ast-global-color-4)","background-image":"","background-repeat":"repeat","background-position":"center center","background-size":"auto","background-attachment":"scroll","background-type":"","background-media":"","overlay-type":"","overlay-color":"","overlay-opacity":"","overlay-gradient":""},"tablet":{"background-color":"","background-image":"","background-repeat":"repeat","background-position":"center center","background-size":"auto","background-attachment":"scroll","background-type":"","background-media":"","overlay-type":"","overlay-color":"","overlay-opacity":"","overlay-gradient":""},"mobile":{"background-color":"","background-image":"","background-repeat":"repeat","background-position":"center center","background-size":"auto","background-attachment":"scroll","background-type":"","background-media":"","overlay-type":"","overlay-color":"","overlay-opacity":"","overlay-gradient":""}},"ast-content-background-meta":{"desktop":{"background-color":"var(--ast-global-color-5)","background-image":"","background-repeat":"repeat","background-position":"center center","background-size":"auto","background-attachment":"scroll","background-type":"","background-media":"","overlay-type":"","overlay-color":"","overlay-opacity":"","overlay-gradient":""},"tablet":{"background-color":"var(--ast-global-color-5)","background-image":"","background-repeat":"repeat","background-position":"center center","background-size":"auto","background-attachment":"scroll","background-type":"","background-media":"","overlay-type":"","overlay-color":"","overlay-opacity":"","overlay-gradient":""},"mobile":{"background-color":"var(--ast-global-color-5)","background-image":"","background-repeat":"repeat","background-position":"center center","background-size":"auto","background-attachment":"scroll","background-type":"","background-media":"","overlay-type":"","overlay-color":"","overlay-opacity":"","overlay-gradient":""}},"footnotes":""},"class_list":["post-562","page","type-page","status-publish","hentry"],"_links":{"self":[{"href":"https:\/\/www.obsfin.ch\/de\/wp-json\/wp\/v2\/pages\/562","targetHints":{"allow":["GET"]}}],"collection":[{"href":"https:\/\/www.obsfin.ch\/de\/wp-json\/wp\/v2\/pages"}],"about":[{"href":"https:\/\/www.obsfin.ch\/de\/wp-json\/wp\/v2\/types\/page"}],"author":[{"embeddable":true,"href":"https:\/\/www.obsfin.ch\/de\/wp-json\/wp\/v2\/users\/5"}],"replies":[{"embeddable":true,"href":"https:\/\/www.obsfin.ch\/de\/wp-json\/wp\/v2\/comments?post=562"}],"version-history":[{"count":2,"href":"https:\/\/www.obsfin.ch\/de\/wp-json\/wp\/v2\/pages\/562\/revisions"}],"predecessor-version":[{"id":564,"href":"https:\/\/www.obsfin.ch\/de\/wp-json\/wp\/v2\/pages\/562\/revisions\/564"}],"up":[{"embeddable":true,"href":"https:\/\/www.obsfin.ch\/de\/wp-json\/wp\/v2\/pages\/580"}],"wp:attachment":[{"href":"https:\/\/www.obsfin.ch\/de\/wp-json\/wp\/v2\/media?parent=562"}],"curies":[{"name":"wp","href":"https:\/\/api.w.org\/{rel}","templated":true}]}}