{"id":575,"date":"2014-12-17T10:04:46","date_gmt":"2014-12-17T09:04:46","guid":{"rendered":"http:\/\/www.obsfin.ch\/?page_id=575"},"modified":"2022-07-04T12:39:33","modified_gmt":"2022-07-04T10:39:33","slug":"tatigkeitsberichte","status":"publish","type":"page","link":"https:\/\/www.obsfin.ch\/de\/die-stiftung-des-observatoire\/tatigkeitsberichte\/","title":{"rendered":"T\u00e4tigkeitsberichte"},"content":{"rendered":"<p>Die T\u00e4tigkeitsberichte des Observatoire de la Finance (nur in Franz\u00f6sisch)\u00a0:<\/p>\n<p><span style=\"color: #0000ff;\"><a style=\"color: #0000ff;\" href=\"http:\/\/www.obsfin.ch\/Activite-2021\">Les activit\u00e9s de l&#8217;Observatoire de la Finance en 2021 <\/a><a href=\"http:\/\/www.obsfin.ch\/Activite-2021\"><img loading=\"lazy\" decoding=\"async\" class=\"alignnone wp-image-2485\" src=\"https:\/\/www.obsfin.ch\/wp-content\/uploads\/2020\/08\/Image-PDF.jpg\" alt=\"\" width=\"34\" height=\"25\" srcset=\"https:\/\/www.obsfin.ch\/wp-content\/uploads\/2020\/08\/Image-PDF.jpg 124w, https:\/\/www.obsfin.ch\/wp-content\/uploads\/2020\/08\/Image-PDF-1x1.jpg 1w\" sizes=\"auto, (max-width: 34px) 100vw, 34px\" \/><\/a><\/span>.<\/p>\n<ul>\n<li><a href=\"http:\/\/www.obsfin.ch\/Activite-2020\">Les activit\u00e9s de l&#8217;Observatoire de la Finance en 2020<\/a> [pdf].<\/li>\n<li><a href=\"http:\/\/www.obsfin.ch\/Activite-2019\">Les activit\u00e9s de l&#8217;Observatoire de la Finance en 2019<\/a> [pdf].<\/li>\n<li><a href=\"http:\/\/www.obsfin.ch\/wp-content\/uploads\/Document\/Activit\u00e9-2018.pdf\">Les activit\u00e9s de l&#8217;Observatoire de la Finance en 2018<\/a> [pdf].<\/li>\n<li><a href=\"http:\/\/www.obsfin.ch\/wp-content\/uploads\/Document\/Activit\u00e9-2017.pdf\">Les activit\u00e9s de l&#8217;Observatoire de la Finance en 2017<\/a> [pdf].<\/li>\n<li><a href=\"http:\/\/www.obsfin.ch\/wp-content\/uploads\/Document\/Activit\u00e9-2016.pdf\">Les activit\u00e9s de l&#8217;Observatoire de la Finance en 2016<\/a> [pdf].<\/li>\n<li><a href=\"http:\/\/www.obsfin.ch\/wp-content\/uploads\/Document\/Activit\u00e9-2015.pdf\">Les activit\u00e9s de l&#8217;Observatoire de la Finance en 2015<\/a> [pdf].<\/li>\n<li><a href=\"http:\/\/www.obsfin.ch\/wp-content\/uploads\/Document\/Activit\u00e9-2014.pdf\">Les activit\u00e9s de l&#8217;Observatoire de la Finance en 2014<\/a> [pdf].<\/li>\n<li><a href=\"http:\/\/www.obsfin.ch\/wp-content\/uploads\/Document\/Activit\u00e9-2013.pdf\">Les activit\u00e9s de l&#8217;Observatoire de la Finance en 2013 <\/a>[pdf].<\/li>\n<li><a href=\"http:\/\/www.obsfin.ch\/wp-content\/uploads\/Document\/Activit\u00e9-2012.pdf\">Les activit\u00e9s de l&#8217;Observatoire de la Finance en 2012<\/a>\u00a0[pdf].<\/li>\n<li><a href=\"http:\/\/www.obsfin.ch\/wp-content\/uploads\/Document\/Activit\u00e9-2011.pdf\">Les activit\u00e9s de l&#8217;Observatoire de la Finance en 2011<\/a>\u00a0[pdf].<\/li>\n<li><a href=\"http:\/\/www.obsfin.ch\/wp-content\/uploads\/Document\/Activite-2010.pdf\">Les activit\u00e9s de l&#8217;Observatoire de la Finance en 2010<\/a>\u00a0[pdf].<\/li>\n<li><a href=\"http:\/\/www.obsfin.ch\/wp-content\/uploads\/Document\/Activite-2009.pdf\">Les activit\u00e9s de l&#8217;Observatoire de la Finance en 2009<\/a>\u00a0[pdf].<\/li>\n<li><a href=\"http:\/\/www.obsfin.ch\/wp-content\/uploads\/Document\/Activite-2008.pdf\">Les activit\u00e9s de l&#8217;Observatoire de la Finance en 2008<\/a>\u00a0[pdf].<\/li>\n<li><a href=\"http:\/\/www.obsfin.ch\/wp-content\/uploads\/Document\/Activite-2007.pdf\">Les activit\u00e9s de l&#8217;Observatoire de la Finance en 2007<\/a>\u00a0[pdf].<\/li>\n<li><a href=\"http:\/\/www.obsfin.ch\/wp-content\/uploads\/Document\/Activite-2006.pdf\">Les activit\u00e9s de l&#8217;Observatoire de la Finance en 2006<\/a>\u00a0[pdf].<\/li>\n<li><a href=\"http:\/\/www.obsfin.ch\/wp-content\/uploads\/Document\/Activite-2005.pdf\">Les activit\u00e9s de l&#8217;Observatoire de la Finance en 2005<\/a>\u00a0[pdf].<\/li>\n<li><a href=\"http:\/\/www.obsfin.ch\/wp-content\/uploads\/Document\/Activite-2004.pdf\">Les activit\u00e9s de l&#8217;Observatoire de la Finance en 2004<\/a>\u00a0[pdf]<\/li>\n<\/ul>\n","protected":false},"excerpt":{"rendered":"<p>Die T\u00e4tigkeitsberichte des Observatoire de la Finance (nur in Franz\u00f6sisch)\u00a0: Les activit\u00e9s de l&#8217;Observatoire de la Finance en 2021 . [&hellip;]<\/p>\n","protected":false},"author":5,"featured_media":0,"parent":580,"menu_order":6,"comment_status":"closed","ping_status":"closed","template":"page-templates\/full-width.php","meta":{"site-sidebar-layout":"default","site-content-layout":"","ast-site-content-layout":"default","site-content-style":"default","site-sidebar-style":"default","ast-global-header-display":"","ast-banner-title-visibility":"","ast-main-header-display":"","ast-hfb-above-header-display":"","ast-hfb-below-header-display":"","ast-hfb-mobile-header-display":"","site-post-title":"","ast-breadcrumbs-content":"","ast-featured-img":"","footer-sml-layout":"","ast-disable-related-posts":"","theme-transparent-header-meta":"","adv-header-id-meta":"","stick-header-meta":"","header-above-stick-meta":"","header-main-stick-meta":"","header-below-stick-meta":"","astra-migrate-meta-layouts":"default","ast-page-background-enabled":"default","ast-page-background-meta":{"desktop":{"background-color":"var(--ast-global-color-4)","background-image":"","background-repeat":"repeat","background-position":"center center","background-size":"auto","background-attachment":"scroll","background-type":"","background-media":"","overlay-type":"","overlay-color":"","overlay-opacity":"","overlay-gradient":""},"tablet":{"background-color":"","background-image":"","background-repeat":"repeat","background-position":"center center","background-size":"auto","background-attachment":"scroll","background-type":"","background-media":"","overlay-type":"","overlay-color":"","overlay-opacity":"","overlay-gradient":""},"mobile":{"background-color":"","background-image":"","background-repeat":"repeat","background-position":"center center","background-size":"auto","background-attachment":"scroll","background-type":"","background-media":"","overlay-type":"","overlay-color":"","overlay-opacity":"","overlay-gradient":""}},"ast-content-background-meta":{"desktop":{"background-color":"var(--ast-global-color-5)","background-image":"","background-repeat":"repeat","background-position":"center center","background-size":"auto","background-attachment":"scroll","background-type":"","background-media":"","overlay-type":"","overlay-color":"","overlay-opacity":"","overlay-gradient":""},"tablet":{"background-color":"var(--ast-global-color-5)","background-image":"","background-repeat":"repeat","background-position":"center center","background-size":"auto","background-attachment":"scroll","background-type":"","background-media":"","overlay-type":"","overlay-color":"","overlay-opacity":"","overlay-gradient":""},"mobile":{"background-color":"var(--ast-global-color-5)","background-image":"","background-repeat":"repeat","background-position":"center center","background-size":"auto","background-attachment":"scroll","background-type":"","background-media":"","overlay-type":"","overlay-color":"","overlay-opacity":"","overlay-gradient":""}},"footnotes":""},"class_list":["post-575","page","type-page","status-publish","hentry"],"_links":{"self":[{"href":"https:\/\/www.obsfin.ch\/de\/wp-json\/wp\/v2\/pages\/575","targetHints":{"allow":["GET"]}}],"collection":[{"href":"https:\/\/www.obsfin.ch\/de\/wp-json\/wp\/v2\/pages"}],"about":[{"href":"https:\/\/www.obsfin.ch\/de\/wp-json\/wp\/v2\/types\/page"}],"author":[{"embeddable":true,"href":"https:\/\/www.obsfin.ch\/de\/wp-json\/wp\/v2\/users\/5"}],"replies":[{"embeddable":true,"href":"https:\/\/www.obsfin.ch\/de\/wp-json\/wp\/v2\/comments?post=575"}],"version-history":[{"count":7,"href":"https:\/\/www.obsfin.ch\/de\/wp-json\/wp\/v2\/pages\/575\/revisions"}],"predecessor-version":[{"id":5103,"href":"https:\/\/www.obsfin.ch\/de\/wp-json\/wp\/v2\/pages\/575\/revisions\/5103"}],"up":[{"embeddable":true,"href":"https:\/\/www.obsfin.ch\/de\/wp-json\/wp\/v2\/pages\/580"}],"wp:attachment":[{"href":"https:\/\/www.obsfin.ch\/de\/wp-json\/wp\/v2\/media?parent=575"}],"curies":[{"name":"wp","href":"https:\/\/api.w.org\/{rel}","templated":true}]}}