{"id":577,"date":"2014-12-17T10:08:56","date_gmt":"2014-12-17T09:08:56","guid":{"rendered":"http:\/\/www.obsfin.ch\/?page_id=577"},"modified":"2017-02-16T11:19:09","modified_gmt":"2017-02-16T10:19:09","slug":"directeur-paul-h-dembinski","status":"publish","type":"page","link":"https:\/\/www.obsfin.ch\/de\/die-stiftung-des-observatoire\/directeur-paul-h-dembinski\/","title":{"rendered":"Directeur: Paul H. Dembinski"},"content":{"rendered":"<p align=\"justify\"><img loading=\"lazy\" decoding=\"async\" class=\"alignright wp-image-323 size-medium\" src=\"http:\/\/www.obsfin.ch\/wp-content\/uploads\/2014\/10\/Dembinski_C-252x300.jpg\" alt=\"Paul H. Dembinski\" width=\"252\" height=\"300\" srcset=\"https:\/\/www.obsfin.ch\/wp-content\/uploads\/2014\/10\/Dembinski_C-252x300.jpg 252w, https:\/\/www.obsfin.ch\/wp-content\/uploads\/2014\/10\/Dembinski_C-1x1.jpg 1w, https:\/\/www.obsfin.ch\/wp-content\/uploads\/2014\/10\/Dembinski_C.jpg 849w\" sizes=\"auto, (max-width: 252px) 100vw, 252px\" \/><\/p>\n<p>Paul H. Dembinski ist 1955 in Krakau geboren. Er studierte Politikwissenschaft in Genf und erwarb 1982 das Doktorat in Volkswirtschaft. Ab 1979 unterrichtete er als Assistent bzw. als Oberassistent an der Universit\u00e4t Genf, 1990 wurde er assoziierter Professor an der Universit\u00e4t Freiburg. Dort ist er Lehrstuhlinhaber \u201eInternationale Strategie und Wettbewerb\u201c auf einer Teilzeitbasis.<\/p>\n<p>1989 gr\u00fcndete er mit seinem Partner Alain Schoenenberger <a title=\"Eco'Diagnostic\" href=\"http:\/\/www.ecodiagnostic.ch\">Eco\u2019Diagnostic<\/a>. Eco\u2019Diagnostic ist ein unabh\u00e4ngiges wirtschaftliches Forschungsinstitut mit interdisziplin\u00e4rem Charakter.<\/p>\n<p>Dembinski fungiert als Experte bei mehreren internationalen Organisationen (OECD, UNCTAD etc.), daneben erstellt er auch Studien \u00fcber das Wirtschaftsgef\u00fcge sowohl f\u00fcr die Kantone wie auch f\u00fcr die Schweizerische Eidgenossenschaft. Seit 1999 ist er verantwortlich f\u00fcr die Zeitschrift \u201eFinance &amp; the Common Good\/Bien commun\u201c.<\/p>\n<p>Infolge des 2005 geschaffenen Preises \u201eEthics in Finance \u2013 Robin Cosgrove Prize\u201c, pr\u00e4sidiert Dembinski zusammen mit Frau Carol Cosgrove-Sacks und Herrn Domingo Sugranyes die beiden Jurys.<\/p>\n<p>Dembinski arbeitet auf Deutsch, Englisch, Spanisch, Franz\u00f6sisch und Polnisch.<\/p>\n<h2>Die wichtigsten Publikationen<\/h2>\n<p>\u201eEthique et Responsabilit\u00e9 en Finance \u2013 Quo Vadis?\u201c (Editions Revue Banque, Paris, 2015) &#8211; Englisch, Deutsch und\u00a0Polnisch;<\/p>\n<p>\u201eBeyond the Financial Crisis: Towards a Christian Perspective for Action, (with Simona Beretta)\u201c (Caritas in Veritate Foundation, 2014) &#8211; Polnisch;<\/p>\n<p>\u201e Trust &amp; Ethics in Finance, (co-editor)\u201c (Globethics, 2012);<\/p>\n<p>\u201eThe Role of Large Enterprises in Democracy and Society (ed.)\u201c (Palgrave, London, 2010) &#8211; Englisch;<\/p>\n<p>\u201ePratiques financi\u00e8res \u2013 regards chr\u00e9tiens (sous la direction)\u201c (Descl\u00e9e de Brouwer, Paris 2009) \u2013 Franz\u00f6sisch;<\/p>\n<p>\u201eFinance servante ou finance trompeuse ?, Rapport de l&#8217;Observatoire\u201c (Descl\u00e9e de Brouwer, Paris, 2008) &#8211; Franz\u00f6sisch, Englisch, Spanisch und Polnisch;<\/p>\n<p>\u201eEnron and the World of Finance \u2013 a Case Study in Ethics (ed.)\u201c (Palgrave, London, 2005) &#8211; Englisch;<\/p>\n<p>\u201eLes PME en Suisse. Profils et D\u00e9fis\u201c (Georg, Gen\u00e8ve, 2004 et R\u00fcegger, Zurich, 2004) ; &#8211; Franz\u00f6sisch;<\/p>\n<p>\u201eEconomie et finance globales : la port\u00e9e des chiffres\u201c (Nations Unies \u2013 New York et Gen\u00e8ve 2003) &#8211; Franz\u00f6sisch und Englisch;<\/p>\n<p>\u201eLa privatisation en Europe de l\u2019Est\u201c (PUF, Paris, 1995) &#8211; Franz\u00f6sisch;<\/p>\n<p>\u201eEconomie et Finances\u201c (BPS, Berne, 1995) &#8211; Franz\u00f6sisch, Italienisch und Deutsch;<\/p>\n<p>\u201eLes \u00e9conomies planifi\u00e9es\u201c (Points Economie, Paris, 1988) &#8211; Franz\u00f6sisch und Englisch.<\/p>\n<h2 style=\"text-align: left;\">Photo<\/h2>\n<p style=\"text-align: left;\">Herunterladbares Photo:\u00a0:<\/p>\n<ul>\n<li style=\"text-align: left;\"><a href=\"http:\/\/www.obsfin.ch\/wp-content\/uploads\/Document\/Dembinski_C.jpg\">Farbig<\/a><\/li>\n<li style=\"text-align: left;\"><a href=\"http:\/\/www.obsfin.ch\/wp-content\/uploads\/Document\/Dembinski_NB.jpg\">Schwarzweiss<\/a><\/li>\n<\/ul>\n","protected":false},"excerpt":{"rendered":"<p>Paul H. Dembinski ist 1955 in Krakau geboren. Er studierte Politikwissenschaft in Genf und erwarb 1982 das Doktorat in Volkswirtschaft. [&hellip;]<\/p>\n","protected":false},"author":5,"featured_media":0,"parent":580,"menu_order":4,"comment_status":"closed","ping_status":"closed","template":"page-templates\/full-width.php","meta":{"site-sidebar-layout":"default","site-content-layout":"","ast-site-content-layout":"default","site-content-style":"default","site-sidebar-style":"default","ast-global-header-display":"","ast-banner-title-visibility":"","ast-main-header-display":"","ast-hfb-above-header-display":"","ast-hfb-below-header-display":"","ast-hfb-mobile-header-display":"","site-post-title":"","ast-breadcrumbs-content":"","ast-featured-img":"","footer-sml-layout":"","ast-disable-related-posts":"","theme-transparent-header-meta":"","adv-header-id-meta":"","stick-header-meta":"","header-above-stick-meta":"","header-main-stick-meta":"","header-below-stick-meta":"","astra-migrate-meta-layouts":"default","ast-page-background-enabled":"default","ast-page-background-meta":{"desktop":{"background-color":"var(--ast-global-color-4)","background-image":"","background-repeat":"repeat","background-position":"center center","background-size":"auto","background-attachment":"scroll","background-type":"","background-media":"","overlay-type":"","overlay-color":"","overlay-opacity":"","overlay-gradient":""},"tablet":{"background-color":"","background-image":"","background-repeat":"repeat","background-position":"center center","background-size":"auto","background-attachment":"scroll","background-type":"","background-media":"","overlay-type":"","overlay-color":"","overlay-opacity":"","overlay-gradient":""},"mobile":{"background-color":"","background-image":"","background-repeat":"repeat","background-position":"center center","background-size":"auto","background-attachment":"scroll","background-type":"","background-media":"","overlay-type":"","overlay-color":"","overlay-opacity":"","overlay-gradient":""}},"ast-content-background-meta":{"desktop":{"background-color":"var(--ast-global-color-5)","background-image":"","background-repeat":"repeat","background-position":"center center","background-size":"auto","background-attachment":"scroll","background-type":"","background-media":"","overlay-type":"","overlay-color":"","overlay-opacity":"","overlay-gradient":""},"tablet":{"background-color":"var(--ast-global-color-5)","background-image":"","background-repeat":"repeat","background-position":"center center","background-size":"auto","background-attachment":"scroll","background-type":"","background-media":"","overlay-type":"","overlay-color":"","overlay-opacity":"","overlay-gradient":""},"mobile":{"background-color":"var(--ast-global-color-5)","background-image":"","background-repeat":"repeat","background-position":"center center","background-size":"auto","background-attachment":"scroll","background-type":"","background-media":"","overlay-type":"","overlay-color":"","overlay-opacity":"","overlay-gradient":""}},"footnotes":""},"class_list":["post-577","page","type-page","status-publish","hentry"],"_links":{"self":[{"href":"https:\/\/www.obsfin.ch\/de\/wp-json\/wp\/v2\/pages\/577","targetHints":{"allow":["GET"]}}],"collection":[{"href":"https:\/\/www.obsfin.ch\/de\/wp-json\/wp\/v2\/pages"}],"about":[{"href":"https:\/\/www.obsfin.ch\/de\/wp-json\/wp\/v2\/types\/page"}],"author":[{"embeddable":true,"href":"https:\/\/www.obsfin.ch\/de\/wp-json\/wp\/v2\/users\/5"}],"replies":[{"embeddable":true,"href":"https:\/\/www.obsfin.ch\/de\/wp-json\/wp\/v2\/comments?post=577"}],"version-history":[{"count":4,"href":"https:\/\/www.obsfin.ch\/de\/wp-json\/wp\/v2\/pages\/577\/revisions"}],"predecessor-version":[{"id":887,"href":"https:\/\/www.obsfin.ch\/de\/wp-json\/wp\/v2\/pages\/577\/revisions\/887"}],"up":[{"embeddable":true,"href":"https:\/\/www.obsfin.ch\/de\/wp-json\/wp\/v2\/pages\/580"}],"wp:attachment":[{"href":"https:\/\/www.obsfin.ch\/de\/wp-json\/wp\/v2\/media?parent=577"}],"curies":[{"name":"wp","href":"https:\/\/api.w.org\/{rel}","templated":true}]}}