{"id":582,"date":"2014-12-17T10:33:46","date_gmt":"2014-12-17T09:33:46","guid":{"rendered":"http:\/\/www.obsfin.ch\/?page_id=582"},"modified":"2014-12-17T12:05:44","modified_gmt":"2014-12-17T11:05:44","slug":"das-manifest-finanzsystem-im-dienste-des-gemeinwohls","status":"publish","type":"page","link":"https:\/\/www.obsfin.ch\/de\/die-grundungstexte\/das-manifest-finanzsystem-im-dienste-des-gemeinwohls\/","title":{"rendered":"Das Manifest \u201eFinanzsystem im Dienste des Gemeinwohls\u201c"},"content":{"rendered":"<p>Im M\u00e4rz 2008 ver\u00f6ffentlichte das Observatoire de la Finance das Manifest \u201eFinanzsystem im Dienste des Gemeinwohls\u201c. Der untenstehende Text ist die zweite erweiterte Fassung dieses Manifests, das durch zahlreiche Kommentare und Bemerkungen, die das Observatoire seit der ersten Publikation erhalten hat, angereichert wurde. Diese veranschaulichen und unterstreichen die Schwierigkeiten, die auch im vergangenen Jahr beobachtet werden konnten, die Krise anders zu denken als in Begriffen einer einfachen konjunkturellen St\u00f6rung; sie belegen die Ratlosigkeit der politischen wie privaten Entscheidungstr\u00e4ger sowie die Unangemessenheit von getroffenen vorwiegend technischen Massnahmen, die zur \u00dcberwindung der Krise allein nicht taugen.<\/p>\n<p>Dieses Manifest bezweckt, Frauen und M\u00e4nner, die guten Willens sind, auf jene dringende Gefahr hinzuweisen, die unsere wirtschaftlichen und politischen Freiheiten bedroht, da wir der Illusion erlegen sind, \u201eprivate Untugend\u201c k\u00f6nne effektiv zu \u201e\u00f6ffentlicher Tugend\u201c beitragen. Wo jedoch \u201eprivate Untugend\u201c den tr\u00fcgerischen Eindruck hinterl\u00e4sst, die wirtschaftliche Effizienz zu erh\u00f6hen, so ist der daf\u00fcr zu bezahlenden Preis die Zerst\u00f6rung der Grundlage jeder Gesellschaft: Werte wie Vertrauen, Respekt und Solidarit\u00e4t laufen Gefahr, ausgeh\u00f6hlt und damit verloren zu gehen. Solange es daf\u00fcr noch Zeit gibt, ist es daher unerl\u00e4sslich, unsere Zukunft wieder in die Hand zu nehmen: es gilt, den weit fortgeschrittenen Finanziarisierungsprozess r\u00fcckg\u00e4ngig zu machen und die Finanzwelt wieder in den Dienst der pers\u00f6nlichen Entfaltung zu stellen, die der Wahrung der Menschenw\u00fcrde dient.<\/p>\n<p><img loading=\"lazy\" decoding=\"async\" class=\"alignnone wp-image-309 size-full\" src=\"http:\/\/www.obsfin.ch\/wp-content\/uploads\/2014\/10\/pdf.jpg\" alt=\"pdf\" width=\"124\" height=\"90\" srcset=\"https:\/\/www.obsfin.ch\/wp-content\/uploads\/2014\/10\/pdf.jpg 124w, https:\/\/www.obsfin.ch\/wp-content\/uploads\/2014\/10\/pdf-1x1.jpg 1w\" sizes=\"auto, (max-width: 124px) 100vw, 124px\" \/><\/p>\n<ul>\n<li><a href=\"http:\/\/www.obsfin.ch\/wp-content\/uploads\/Document\/2011-F-Manifeste de l'Observatoire.pdf\">Texte fran\u00e7ais<\/a><\/li>\n<li><a href=\"http:\/\/www.obsfin.ch\/wp-content\/uploads\/Document\/2011-ENG-Manifeste de l'Observatoire.pdf\">English text<\/a><\/li>\n<li><a href=\"http:\/\/www.obsfin.ch\/wp-content\/uploads\/Document\/2011-ESP-Manifesto del Observatoire.pdf\">Texto espanol<\/a><\/li>\n<li><a href=\"http:\/\/www.obsfin.ch\/wp-content\/uploads\/Document\/2011-ITA-Manifeste de l'Observatoire.pdf\">Testo italiano<\/a><\/li>\n<li><a href=\"http:\/\/www.obsfin.ch\/wp-content\/uploads\/Document\/2011-D-Manifeste de l'Observatoire.pdf\">Deutscher Text<\/a><\/li>\n<li><a href=\"http:\/\/www.obsfin.ch\/wp-content\/uploads\/Document\/2011-POL-Manifeste de l'Observatoire.pdf\">Polski tekst<\/a><\/li>\n<li><a href=\"http:\/\/www.obsfin.ch\/wp-content\/uploads\/Document\/2011-CHN-Manifeste%20de l'Observatoire 2.pdf\">\u6cd5\u56fd\u6587<\/a><\/li>\n<li><a href=\"http:\/\/www.obsfin.ch\/wp-content\/uploads\/Document\/2008-HUNG-Manifeste de l'Observatoire.pdf\">Magyar sz\u00f6veg (2008)<\/a><\/li>\n<li><a href=\"http:\/\/www.obsfin.ch\/wp-content\/uploads\/Document\/2008-RUSS-Manifeste de l'Observatoire.pdf\">\u0420\u0443\u0441\u0441\u043a\u0438\u0439 \u0442\u0435\u043a\u0441\u0442 (2008)<\/a><\/li>\n<\/ul>\n<p>Stellungnahmen sind zu senden an: manifeste@obsfin.ch.<\/p>\n","protected":false},"excerpt":{"rendered":"<p>Im M\u00e4rz 2008 ver\u00f6ffentlichte das Observatoire de la Finance das Manifest \u201eFinanzsystem im Dienste des Gemeinwohls\u201c. Der untenstehende Text ist [&hellip;]<\/p>\n","protected":false},"author":5,"featured_media":0,"parent":586,"menu_order":2,"comment_status":"closed","ping_status":"closed","template":"page-templates\/full-width.php","meta":{"site-sidebar-layout":"default","site-content-layout":"","ast-site-content-layout":"default","site-content-style":"default","site-sidebar-style":"default","ast-global-header-display":"","ast-banner-title-visibility":"","ast-main-header-display":"","ast-hfb-above-header-display":"","ast-hfb-below-header-display":"","ast-hfb-mobile-header-display":"","site-post-title":"","ast-breadcrumbs-content":"","ast-featured-img":"","footer-sml-layout":"","ast-disable-related-posts":"","theme-transparent-header-meta":"","adv-header-id-meta":"","stick-header-meta":"","header-above-stick-meta":"","header-main-stick-meta":"","header-below-stick-meta":"","astra-migrate-meta-layouts":"default","ast-page-background-enabled":"default","ast-page-background-meta":{"desktop":{"background-color":"var(--ast-global-color-4)","background-image":"","background-repeat":"repeat","background-position":"center center","background-size":"auto","background-attachment":"scroll","background-type":"","background-media":"","overlay-type":"","overlay-color":"","overlay-opacity":"","overlay-gradient":""},"tablet":{"background-color":"","background-image":"","background-repeat":"repeat","background-position":"center center","background-size":"auto","background-attachment":"scroll","background-type":"","background-media":"","overlay-type":"","overlay-color":"","overlay-opacity":"","overlay-gradient":""},"mobile":{"background-color":"","background-image":"","background-repeat":"repeat","background-position":"center center","background-size":"auto","background-attachment":"scroll","background-type":"","background-media":"","overlay-type":"","overlay-color":"","overlay-opacity":"","overlay-gradient":""}},"ast-content-background-meta":{"desktop":{"background-color":"var(--ast-global-color-5)","background-image":"","background-repeat":"repeat","background-position":"center center","background-size":"auto","background-attachment":"scroll","background-type":"","background-media":"","overlay-type":"","overlay-color":"","overlay-opacity":"","overlay-gradient":""},"tablet":{"background-color":"var(--ast-global-color-5)","background-image":"","background-repeat":"repeat","background-position":"center center","background-size":"auto","background-attachment":"scroll","background-type":"","background-media":"","overlay-type":"","overlay-color":"","overlay-opacity":"","overlay-gradient":""},"mobile":{"background-color":"var(--ast-global-color-5)","background-image":"","background-repeat":"repeat","background-position":"center center","background-size":"auto","background-attachment":"scroll","background-type":"","background-media":"","overlay-type":"","overlay-color":"","overlay-opacity":"","overlay-gradient":""}},"footnotes":""},"class_list":["post-582","page","type-page","status-publish","hentry"],"_links":{"self":[{"href":"https:\/\/www.obsfin.ch\/de\/wp-json\/wp\/v2\/pages\/582","targetHints":{"allow":["GET"]}}],"collection":[{"href":"https:\/\/www.obsfin.ch\/de\/wp-json\/wp\/v2\/pages"}],"about":[{"href":"https:\/\/www.obsfin.ch\/de\/wp-json\/wp\/v2\/types\/page"}],"author":[{"embeddable":true,"href":"https:\/\/www.obsfin.ch\/de\/wp-json\/wp\/v2\/users\/5"}],"replies":[{"embeddable":true,"href":"https:\/\/www.obsfin.ch\/de\/wp-json\/wp\/v2\/comments?post=582"}],"version-history":[{"count":1,"href":"https:\/\/www.obsfin.ch\/de\/wp-json\/wp\/v2\/pages\/582\/revisions"}],"predecessor-version":[{"id":583,"href":"https:\/\/www.obsfin.ch\/de\/wp-json\/wp\/v2\/pages\/582\/revisions\/583"}],"up":[{"embeddable":true,"href":"https:\/\/www.obsfin.ch\/de\/wp-json\/wp\/v2\/pages\/586"}],"wp:attachment":[{"href":"https:\/\/www.obsfin.ch\/de\/wp-json\/wp\/v2\/media?parent=582"}],"curies":[{"name":"wp","href":"https:\/\/api.w.org\/{rel}","templated":true}]}}