{"id":588,"date":"2014-12-17T10:42:23","date_gmt":"2014-12-17T09:42:23","guid":{"rendered":"http:\/\/www.obsfin.ch\/?page_id=588"},"modified":"2019-07-29T15:01:09","modified_gmt":"2019-07-29T14:01:09","slug":"zeitschrift-fur-ethik-in-okonomie-und-finance","status":"publish","type":"page","link":"https:\/\/www.obsfin.ch\/de\/aktivitaten\/zeitschrift-fur-ethik-in-okonomie-und-finance\/","title":{"rendered":"Zeitschrift f\u00fcr Ethik in \u00d6konomie und Finance"},"content":{"rendered":"<h2>Vorstellung der Zeitschrift Finance &amp; Bien Commun\/the Common Good<\/h2>\n<p>Die Zeitschrift richtet sich vor allem an die Hauptakteure der Finanzwelt im weitesten Sinne, welche sich der ethischen Dimension ihrer Aktivit\u00e4ten bewusst sind und die sich fragen, auf welche Weise sie mit ihrer Kompetenz zur Umsetzung des Gemeinwohls beitragen k\u00f6nnen.<\/p>\n<p>Die Herausgeber der Zeitschrift \u201eFinance &amp; Bien Commun\u201c sind davon \u00fcberzeugt, dass die Aktivit\u00e4ten und Berufsgruppen der Finanzwirtschaft ihrer Vermittlerfunktion zu Gunsten von allen nur dann gerecht werden k\u00f6nnen, wenn sie in ihren Alltagsentscheiden und in ihren Ausbildungsaktivit\u00e4ten ethische \u00dcberlegungen und Erw\u00e4gungen miteinbeziehen, ja den Beitrag dieser ethischen Gesichtspunkte zum Gemeinwohl \u00fcberpr\u00fcfen. Die Zeitschrift \u201eFinance &amp; Bien Commun\u201c nimmt dieses Anliegen auf anhand von vier Problembereichen, welche die Beitr\u00e4ge gliedern:<\/p>\n<ul>\n<li>Der erste Problembereich betrifft die sich ver\u00e4ndernde Position der Finanzwelt im politischen Gef\u00fcge der Gesellschaften, aber auch auf der globalen Ebene. Es geht darum, sowohl die Erfordernisse einer \u201eWeltordnung\u201c, die in den allgemeinen Normen verwurzelt ist und ein Minimum an Koh\u00e4renz und Stabilit\u00e4t gew\u00e4hrleistet, zu ber\u00fccksichtigen, als auch der kulturellen Eigenart, Normen und Institutionen vor Ort gerecht zu werden.<\/li>\n<li>Der zweite Problembereich bezieht sich auf die Art und Weise, wie die Theoretiker und die Finanztechniker die Finanzwelt denken und ihre Rolle verstehen.<\/li>\n<li>Der dritte Problembereich betrifft die Art und Weise wie die Ethik in einer globaliserten jedoch pluralistischen Welt gelebt wird. Es gilt, die Interaktion zwischen den Normen, den moralischen Imperativen, den Wertesystemen, Spiritualit\u00e4ten und Geisteshaltungen aufzuzeigen, die zur Pers\u00f6nlichkeitsentwicklung und der gerechten Verteilung der Fr\u00fcchte des Fortschritts beitragen.<\/li>\n<li>Der vierte Problembereich betrifft das Verh\u00e4ltnis, welches die Finanzwelt auf die anderen Produktions- und Austauschaktivit\u00e4ten aus\u00fcbt, sowie den Einfluss der Finanzen auf das Gemeinwohl. Es handelt sich insbesondere um L\u00f6sungen und institutionelle Innovationen, welche manchmal als \u201efinanzielle Ethik\u201c oder auch als \u201efinanzielle Solidarit\u00e4t\u201c bezeichnet werden.<\/li>\n<\/ul>\n<p>Die Zeitschrift \u201eFinance &amp; Bien Commun\u201c erscheint seit 1998. Die Zeitschrift ist zweisprachig, Franz\u00f6sisch und Englisch, wobei am Ende jedes Artikels eine Zusammenfassung in der jeweils andern Sprache erfolgt.<\/p>\n<h2><img loading=\"lazy\" decoding=\"async\" class=\"aligncenter wp-image-320 size-medium\" title=\"Finance et Bien Commun\" src=\"http:\/\/www.obsfin.ch\/wp-content\/uploads\/2014\/10\/logo.fbc_-300x128.gif\" alt=\"Finance et Bien Commun\" width=\"300\" height=\"128\" srcset=\"https:\/\/www.obsfin.ch\/wp-content\/uploads\/2014\/10\/logo.fbc_-300x128.gif 300w, https:\/\/www.obsfin.ch\/wp-content\/uploads\/2014\/10\/logo.fbc_-2x1.gif 2w\" sizes=\"auto, (max-width: 300px) 100vw, 300px\" \/><\/h2>\n<h2>Die Unterbreitung eines Textes<\/h2>\n<p>Autoren k\u00f6nnen dem Redaktionskomitee jederzeit einen Text unterbreiten, zwecks k\u00fcnftiger Publikation in einer der n\u00e4chsten Ausgaben der Zeitschrift.<\/p>\n<h2><a href=\"http:\/\/www.obsfin.ch\/de\/die-letzten-nummern\/\">Die letzten Nummern<\/a><\/h2>\n<p>N\u00b044&amp;45\u00a0&#8211; Ethics &amp; Trust in Finance: Opening the second decade \/ En route pour la deuxi\u00e8me d\u00e9cennie &#8211; Nominated essays, 6th edition 2016\/2017 &#8211;\u00a02017<\/p>\n<p>N\u00b042&amp;43 &#8211; Ethics in Finance, Sense of urgency \/ Le sens de l&#8217;urgence &#8211;\u00a0Nominated essays, The Robin Cosgrove Prize 2014\/2015 &#8211; 2015<\/p>\n<p>N\u00b040&amp;41 &#8211; Ethics in Finance: What can we do? The views of the upcoming generation &#8211; Nominated essays, The Robin Cosgrove Prize 2012\/2013 &#8211;\u00a02013<\/p>\n<p>&nbsp;<\/p>\n","protected":false},"excerpt":{"rendered":"<p>Vorstellung der Zeitschrift Finance &amp; Bien Commun\/the Common Good Die Zeitschrift richtet sich vor allem an die Hauptakteure der Finanzwelt [&hellip;]<\/p>\n","protected":false},"author":5,"featured_media":0,"parent":602,"menu_order":1,"comment_status":"closed","ping_status":"closed","template":"page-templates\/full-width.php","meta":{"site-sidebar-layout":"default","site-content-layout":"","ast-site-content-layout":"default","site-content-style":"default","site-sidebar-style":"default","ast-global-header-display":"","ast-banner-title-visibility":"","ast-main-header-display":"","ast-hfb-above-header-display":"","ast-hfb-below-header-display":"","ast-hfb-mobile-header-display":"","site-post-title":"","ast-breadcrumbs-content":"","ast-featured-img":"","footer-sml-layout":"","ast-disable-related-posts":"","theme-transparent-header-meta":"","adv-header-id-meta":"","stick-header-meta":"","header-above-stick-meta":"","header-main-stick-meta":"","header-below-stick-meta":"","astra-migrate-meta-layouts":"default","ast-page-background-enabled":"default","ast-page-background-meta":{"desktop":{"background-color":"var(--ast-global-color-4)","background-image":"","background-repeat":"repeat","background-position":"center center","background-size":"auto","background-attachment":"scroll","background-type":"","background-media":"","overlay-type":"","overlay-color":"","overlay-opacity":"","overlay-gradient":""},"tablet":{"background-color":"","background-image":"","background-repeat":"repeat","background-position":"center center","background-size":"auto","background-attachment":"scroll","background-type":"","background-media":"","overlay-type":"","overlay-color":"","overlay-opacity":"","overlay-gradient":""},"mobile":{"background-color":"","background-image":"","background-repeat":"repeat","background-position":"center center","background-size":"auto","background-attachment":"scroll","background-type":"","background-media":"","overlay-type":"","overlay-color":"","overlay-opacity":"","overlay-gradient":""}},"ast-content-background-meta":{"desktop":{"background-color":"var(--ast-global-color-5)","background-image":"","background-repeat":"repeat","background-position":"center center","background-size":"auto","background-attachment":"scroll","background-type":"","background-media":"","overlay-type":"","overlay-color":"","overlay-opacity":"","overlay-gradient":""},"tablet":{"background-color":"var(--ast-global-color-5)","background-image":"","background-repeat":"repeat","background-position":"center center","background-size":"auto","background-attachment":"scroll","background-type":"","background-media":"","overlay-type":"","overlay-color":"","overlay-opacity":"","overlay-gradient":""},"mobile":{"background-color":"var(--ast-global-color-5)","background-image":"","background-repeat":"repeat","background-position":"center center","background-size":"auto","background-attachment":"scroll","background-type":"","background-media":"","overlay-type":"","overlay-color":"","overlay-opacity":"","overlay-gradient":""}},"footnotes":""},"class_list":["post-588","page","type-page","status-publish","hentry"],"_links":{"self":[{"href":"https:\/\/www.obsfin.ch\/de\/wp-json\/wp\/v2\/pages\/588","targetHints":{"allow":["GET"]}}],"collection":[{"href":"https:\/\/www.obsfin.ch\/de\/wp-json\/wp\/v2\/pages"}],"about":[{"href":"https:\/\/www.obsfin.ch\/de\/wp-json\/wp\/v2\/types\/page"}],"author":[{"embeddable":true,"href":"https:\/\/www.obsfin.ch\/de\/wp-json\/wp\/v2\/users\/5"}],"replies":[{"embeddable":true,"href":"https:\/\/www.obsfin.ch\/de\/wp-json\/wp\/v2\/comments?post=588"}],"version-history":[{"count":6,"href":"https:\/\/www.obsfin.ch\/de\/wp-json\/wp\/v2\/pages\/588\/revisions"}],"predecessor-version":[{"id":1107,"href":"https:\/\/www.obsfin.ch\/de\/wp-json\/wp\/v2\/pages\/588\/revisions\/1107"}],"up":[{"embeddable":true,"href":"https:\/\/www.obsfin.ch\/de\/wp-json\/wp\/v2\/pages\/602"}],"wp:attachment":[{"href":"https:\/\/www.obsfin.ch\/de\/wp-json\/wp\/v2\/media?parent=588"}],"curies":[{"name":"wp","href":"https:\/\/api.w.org\/{rel}","templated":true}]}}