{"id":593,"date":"2014-12-17T12:03:36","date_gmt":"2014-12-17T11:03:36","guid":{"rendered":"http:\/\/www.obsfin.ch\/?page_id=593"},"modified":"2014-12-17T12:03:36","modified_gmt":"2014-12-17T11:03:36","slug":"studien-expertisen-und-mandate","status":"publish","type":"page","link":"https:\/\/www.obsfin.ch\/de\/aktivitaten\/studien-expertisen-und-mandate\/","title":{"rendered":"Studien, Expertisen und Mandate"},"content":{"rendered":"<h2>Dienstleistungsangebot des Observatoire<\/h2>\n<p>Gerne stellt das Observatoire de la Finance seinen Partnern und Kunden seine Kompetenzen zur Verf\u00fcgung, sei es in Form von Studien, Expertisen oder Mandaten<\/p>\n<ul>\n<li>Gutachten f\u00fcr Gerichte, Schiedsgerichte oder Schlichtungsstellen;<\/li>\n<li>Beitr\u00e4ge f\u00fcr Konferenzen, Organisation und Durchf\u00fchrung von Konferenzen oder Seminarien;<\/li>\n<li>Artikel redigieren;<\/li>\n<li>Studien durchf\u00fchren;<\/li>\n<li>Analyse der ethischen und kulturellen Dimensionen innerhalb von Organisationen und Unternehmen. Pr\u00e4sentation der Methode \u201eMind the GAP\u201c<\/li>\n<\/ul>\n","protected":false},"excerpt":{"rendered":"<p>Dienstleistungsangebot des Observatoire Gerne stellt das Observatoire de la Finance seinen Partnern und Kunden seine Kompetenzen zur Verf\u00fcgung, sei es [&hellip;]<\/p>\n","protected":false},"author":5,"featured_media":0,"parent":602,"menu_order":3,"comment_status":"closed","ping_status":"closed","template":"page-templates\/full-width.php","meta":{"site-sidebar-layout":"default","site-content-layout":"","ast-site-content-layout":"default","site-content-style":"default","site-sidebar-style":"default","ast-global-header-display":"","ast-banner-title-visibility":"","ast-main-header-display":"","ast-hfb-above-header-display":"","ast-hfb-below-header-display":"","ast-hfb-mobile-header-display":"","site-post-title":"","ast-breadcrumbs-content":"","ast-featured-img":"","footer-sml-layout":"","ast-disable-related-posts":"","theme-transparent-header-meta":"","adv-header-id-meta":"","stick-header-meta":"","header-above-stick-meta":"","header-main-stick-meta":"","header-below-stick-meta":"","astra-migrate-meta-layouts":"default","ast-page-background-enabled":"default","ast-page-background-meta":{"desktop":{"background-color":"var(--ast-global-color-4)","background-image":"","background-repeat":"repeat","background-position":"center center","background-size":"auto","background-attachment":"scroll","background-type":"","background-media":"","overlay-type":"","overlay-color":"","overlay-opacity":"","overlay-gradient":""},"tablet":{"background-color":"","background-image":"","background-repeat":"repeat","background-position":"center center","background-size":"auto","background-attachment":"scroll","background-type":"","background-media":"","overlay-type":"","overlay-color":"","overlay-opacity":"","overlay-gradient":""},"mobile":{"background-color":"","background-image":"","background-repeat":"repeat","background-position":"center center","background-size":"auto","background-attachment":"scroll","background-type":"","background-media":"","overlay-type":"","overlay-color":"","overlay-opacity":"","overlay-gradient":""}},"ast-content-background-meta":{"desktop":{"background-color":"var(--ast-global-color-5)","background-image":"","background-repeat":"repeat","background-position":"center center","background-size":"auto","background-attachment":"scroll","background-type":"","background-media":"","overlay-type":"","overlay-color":"","overlay-opacity":"","overlay-gradient":""},"tablet":{"background-color":"var(--ast-global-color-5)","background-image":"","background-repeat":"repeat","background-position":"center center","background-size":"auto","background-attachment":"scroll","background-type":"","background-media":"","overlay-type":"","overlay-color":"","overlay-opacity":"","overlay-gradient":""},"mobile":{"background-color":"var(--ast-global-color-5)","background-image":"","background-repeat":"repeat","background-position":"center center","background-size":"auto","background-attachment":"scroll","background-type":"","background-media":"","overlay-type":"","overlay-color":"","overlay-opacity":"","overlay-gradient":""}},"footnotes":""},"class_list":["post-593","page","type-page","status-publish","hentry"],"_links":{"self":[{"href":"https:\/\/www.obsfin.ch\/de\/wp-json\/wp\/v2\/pages\/593","targetHints":{"allow":["GET"]}}],"collection":[{"href":"https:\/\/www.obsfin.ch\/de\/wp-json\/wp\/v2\/pages"}],"about":[{"href":"https:\/\/www.obsfin.ch\/de\/wp-json\/wp\/v2\/types\/page"}],"author":[{"embeddable":true,"href":"https:\/\/www.obsfin.ch\/de\/wp-json\/wp\/v2\/users\/5"}],"replies":[{"embeddable":true,"href":"https:\/\/www.obsfin.ch\/de\/wp-json\/wp\/v2\/comments?post=593"}],"version-history":[{"count":1,"href":"https:\/\/www.obsfin.ch\/de\/wp-json\/wp\/v2\/pages\/593\/revisions"}],"predecessor-version":[{"id":594,"href":"https:\/\/www.obsfin.ch\/de\/wp-json\/wp\/v2\/pages\/593\/revisions\/594"}],"up":[{"embeddable":true,"href":"https:\/\/www.obsfin.ch\/de\/wp-json\/wp\/v2\/pages\/602"}],"wp:attachment":[{"href":"https:\/\/www.obsfin.ch\/de\/wp-json\/wp\/v2\/media?parent=593"}],"curies":[{"name":"wp","href":"https:\/\/api.w.org\/{rel}","templated":true}]}}