{"id":597,"date":"2014-12-17T12:04:04","date_gmt":"2014-12-17T11:04:04","guid":{"rendered":"http:\/\/www.obsfin.ch\/?page_id=597"},"modified":"2014-12-17T12:04:04","modified_gmt":"2014-12-17T11:04:04","slug":"uebrige-aktivitaen","status":"publish","type":"page","link":"https:\/\/www.obsfin.ch\/de\/aktivitaten\/uebrige-aktivitaen\/","title":{"rendered":"Uebrige Aktivit\u00e4en"},"content":{"rendered":"<h2>Der Geist der Internationalen Treffen \u201eEthik, Finanzaktivit\u00e4ten &amp; Verantwortung\u201c<\/h2>\n<p>Der Kontext einer immer globalisierteren Finanzwelt erh\u00f6ht die Versuchung der Akteure, sich zu verstecken hinter beruhigenden Paradigmen und damit die wesentlich komplexere Frage des Einflusses ihrer Entscheidungen auf das Gemeinwohl auszublenden. Denn auf der individuellen wie institutionellen Ebene gehorchen die Kriterien zur Entscheidfindung zu oft und einseitig der Sorge nach Rentabilit\u00e4t. Damit wird die Verantwortung auf eine eng juristische eingeschr\u00e4nkt und die Ethik auf Standesregeln reduziert.<\/p>\n<p>Das ist mit ein Grund daf\u00fcr, warum das Observatoire de la Finance seine Internationalen Treffen \u201eEthik, Finanzaktivit\u00e4ten &amp; Verantwortung\u201c seit 2002 durchf\u00fchrt. Das Hauptziel dieser Treffen \u201eEthik, Finanzaktivit\u00e4ten &amp; Verantwortung\u201c, die am runden Tisch stattfinden, besteht darin, eine Reihe von Beispielen und Analysen betreffend das Verh\u00e4ltnis zwischen Finanzwelt und Ethik darzulegen und zu besprechen. Denn in der heutigen Finanzwelt wird es immer wichtiger, das Beurteilungsverm\u00f6gen der Finanzakteure zu st\u00e4rken, so dass ihre Entscheidungen verantwortlich und ethisch fundiert ausfallen.<\/p>\n<p>Die Dozenten, die aus akademischen und intellektuellen Kreisen der Finanzwirtschaft, der Regulierungsbeh\u00f6rden und der Nichtregierungsorganisationen (NGO) stammen, kommen aus ganz Europa, aber auch aus den USA oder aus Afrika.<\/p>\n<p>&nbsp;<\/p>\n<h2>Ethische Dilemmas im wirtschaftlichen Leben<\/h2>\n<p>Das Wirtschaftsleben bringt naturgem\u00e4ss ethische Dilemmas mit sich. Werden diese verdr\u00e4ngt, nagen sie an der Moral der Personen und schw\u00e4chen die Institutionen, was zum Bruch f\u00fchren kann.<\/p>\n<p>Echo de l\u2019Ethique bietet die M\u00f6glichkeit eines Dialogs, wo die ethischen Probleme im wirtschaftlichen Leben aufgegriffen und diskutiert werden k\u00f6nnen, zum Wohle aller. Im Interesse der Betroffenen geschieht dies auf einer strikt anonymen Basis.<\/p>\n<p>Die Diskussionsgruppe trifft sich in unregelm\u00e4ssigen Abst\u00e4nden, um konkrete F\u00e4lle und Situationen durchzudiskutieren, ohne notwendigerweise einen Konsens zu suchen. Am Ende jeder Zusammenkunft wird ein detailliertes Protokoll erstellt, das auf der Homepage des Observatoire zug\u00e4nglich gemacht wird. Auf diese Weise k\u00f6nnen die Autoren der anonym eingegangen Mitteilungen die Kommentare und \u00dcberlegungen der Arbeitsgruppe einsehen.<\/p>\n","protected":false},"excerpt":{"rendered":"<p>Der Geist der Internationalen Treffen \u201eEthik, Finanzaktivit\u00e4ten &amp; Verantwortung\u201c Der Kontext einer immer globalisierteren Finanzwelt erh\u00f6ht die Versuchung der Akteure, [&hellip;]<\/p>\n","protected":false},"author":5,"featured_media":0,"parent":602,"menu_order":4,"comment_status":"closed","ping_status":"closed","template":"page-templates\/full-width.php","meta":{"site-sidebar-layout":"default","site-content-layout":"","ast-site-content-layout":"default","site-content-style":"default","site-sidebar-style":"default","ast-global-header-display":"","ast-banner-title-visibility":"","ast-main-header-display":"","ast-hfb-above-header-display":"","ast-hfb-below-header-display":"","ast-hfb-mobile-header-display":"","site-post-title":"","ast-breadcrumbs-content":"","ast-featured-img":"","footer-sml-layout":"","ast-disable-related-posts":"","theme-transparent-header-meta":"","adv-header-id-meta":"","stick-header-meta":"","header-above-stick-meta":"","header-main-stick-meta":"","header-below-stick-meta":"","astra-migrate-meta-layouts":"default","ast-page-background-enabled":"default","ast-page-background-meta":{"desktop":{"background-color":"var(--ast-global-color-4)","background-image":"","background-repeat":"repeat","background-position":"center center","background-size":"auto","background-attachment":"scroll","background-type":"","background-media":"","overlay-type":"","overlay-color":"","overlay-opacity":"","overlay-gradient":""},"tablet":{"background-color":"","background-image":"","background-repeat":"repeat","background-position":"center center","background-size":"auto","background-attachment":"scroll","background-type":"","background-media":"","overlay-type":"","overlay-color":"","overlay-opacity":"","overlay-gradient":""},"mobile":{"background-color":"","background-image":"","background-repeat":"repeat","background-position":"center center","background-size":"auto","background-attachment":"scroll","background-type":"","background-media":"","overlay-type":"","overlay-color":"","overlay-opacity":"","overlay-gradient":""}},"ast-content-background-meta":{"desktop":{"background-color":"var(--ast-global-color-5)","background-image":"","background-repeat":"repeat","background-position":"center center","background-size":"auto","background-attachment":"scroll","background-type":"","background-media":"","overlay-type":"","overlay-color":"","overlay-opacity":"","overlay-gradient":""},"tablet":{"background-color":"var(--ast-global-color-5)","background-image":"","background-repeat":"repeat","background-position":"center center","background-size":"auto","background-attachment":"scroll","background-type":"","background-media":"","overlay-type":"","overlay-color":"","overlay-opacity":"","overlay-gradient":""},"mobile":{"background-color":"var(--ast-global-color-5)","background-image":"","background-repeat":"repeat","background-position":"center center","background-size":"auto","background-attachment":"scroll","background-type":"","background-media":"","overlay-type":"","overlay-color":"","overlay-opacity":"","overlay-gradient":""}},"footnotes":""},"class_list":["post-597","page","type-page","status-publish","hentry"],"_links":{"self":[{"href":"https:\/\/www.obsfin.ch\/de\/wp-json\/wp\/v2\/pages\/597","targetHints":{"allow":["GET"]}}],"collection":[{"href":"https:\/\/www.obsfin.ch\/de\/wp-json\/wp\/v2\/pages"}],"about":[{"href":"https:\/\/www.obsfin.ch\/de\/wp-json\/wp\/v2\/types\/page"}],"author":[{"embeddable":true,"href":"https:\/\/www.obsfin.ch\/de\/wp-json\/wp\/v2\/users\/5"}],"replies":[{"embeddable":true,"href":"https:\/\/www.obsfin.ch\/de\/wp-json\/wp\/v2\/comments?post=597"}],"version-history":[{"count":2,"href":"https:\/\/www.obsfin.ch\/de\/wp-json\/wp\/v2\/pages\/597\/revisions"}],"predecessor-version":[{"id":599,"href":"https:\/\/www.obsfin.ch\/de\/wp-json\/wp\/v2\/pages\/597\/revisions\/599"}],"up":[{"embeddable":true,"href":"https:\/\/www.obsfin.ch\/de\/wp-json\/wp\/v2\/pages\/602"}],"wp:attachment":[{"href":"https:\/\/www.obsfin.ch\/de\/wp-json\/wp\/v2\/media?parent=597"}],"curies":[{"name":"wp","href":"https:\/\/api.w.org\/{rel}","templated":true}]}}