{"id":607,"date":"2014-12-17T11:18:28","date_gmt":"2014-12-17T10:18:28","guid":{"rendered":"http:\/\/www.obsfin.ch\/?page_id=607"},"modified":"2019-03-21T14:13:25","modified_gmt":"2019-03-21T13:13:25","slug":"publikationen","status":"publish","type":"page","link":"https:\/\/www.obsfin.ch\/de\/publikationen\/","title":{"rendered":"Publikationen"},"content":{"rendered":"<h3><span style=\"text-decoration: underline;\">2018<\/span><\/h3>\n<p>Etika \u00e9s felel\u0151ss\u00e9g a p\u00e9nz\u00fcgyi \u00e9letben, Paul H. Dembinski ,\u00a0KETEG Alap\u00edt\u00e1ny, 2018.<br \/>\n<a href=\"http:\/\/kairosz.hu\/p\/10343\/paul-h-dembinski-etika-es-felelosseg-a-penzugyi-eletben\">Presentation<\/a><\/p>\n<h3><span style=\"text-decoration: underline;\">2017<\/span><\/h3>\n<p>\u00ab\u00a0Ethics and Responsibility in Finance \u00bb, Paul H. Dembinski , Routledge, 2017.<br \/>\n<a href=\"https:\/\/www.routledge.com\/Ethics-and-Responsibility-in-Finance\/Dembinski\/p\/book\/9781138637900\">Presentation<\/a><\/p>\n<p>\u00ab\u00a0Ethik und Verantwortung im Finanzsektor \u00bb,\u00a0Paul H. Dembinski,\u00a0Sch\u00e4ffer-Poeschel, 2017.<br \/>\n<a href=\"https:\/\/shop.schaeffer-poeschel.de\/prod\/ethik-und-verantwortung-im-finanzsektor\">Presentation<\/a><\/p>\n<p>\u00ab\u00a0Etyka i odpowiedzialno\u015b\u0107 w \u015bwiecie finans\u00f3w \u00bb,\u00a0Paul H. Dembinski, Studio Emka, 2017.<br \/>\n<a href=\"http:\/\/www.studioemka.com.pl\/index.php?page=p&amp;id=608\">Presentation<\/a><\/p>\n<h3><span style=\"text-decoration: underline;\">2015<\/span><\/h3>\n<p>\u00ab\u00a0\u00c9thique et Responsabilit\u00e9 en Finance, Quo vadis ? \u00bb, Paul H. Dembinski , RB Edition, Semptember 2015.<br \/>\n<a href=\"http:\/\/www.revue-banque.fr\/ouvrage\/ethique-responsabilite-en-finance\">Presentation<\/a><\/p>\n<h3><span style=\"text-decoration: underline;\">2014<\/span><\/h3>\n<p align=\"justify\">\u00ab Beyond the Financial Crisis, Towards a Christian Perspective for Action \u00bb, Paul Dembinski and Simona Beretta, The Caritas in Veritate Foundation Working Papers, June 2014. <a title=\"Beyond the Financial Crisis: Towards a Christian Perspective for Action\" href=\"http:\/\/www.obsfin.ch\/beyond-the-financial-crisis-towards-a-christian-perspective-for-action\/\">Pr\u00e4sentation und Downloadt<\/a><\/p>\n<h3><span style=\"text-decoration: underline;\">2012<\/span><\/h3>\n<p align=\"justify\">\u00ab TRUST &amp; ETHICS IN FINANCE: Innovative Ideas from the Robin Cosgrove Prize \u00bb, Carol Cosgrove-Sacks et Paul H. Dembinski, Globethics, 2012.<br \/>\n<a href=\"http:\/\/www.globethics.net\/web\/ge\/research\/publications\">Pr\u00e9sentation<\/a><\/p>\n<h3><span style=\"text-decoration: underline;\">2011<\/span><\/h3>\n<p align=\"justify\">\u00ab Finanse po zawale, Od euforii finansowej do gospodarczego \u0142adu \u00bb, Paul H. Dembinski, Studio Emka, 2011.<\/p>\n<h3><span style=\"text-decoration: underline;\">2010<\/span><\/h3>\n<p align=\"justify\"><em>\u00ab\u00a0<\/em>The Role of Large Enterprises in Democracy and Society<em> \u00bb<\/em>, Barbara Fryzel and Paul H. Dembinski, Ao\u00fbt 2010.<\/p>\n<p align=\"justify\"><span id=\"btAsinTitle\">\u00ab Finanzas que sirven o finanzas que enganan? \u00bb,<\/span> Paul H. Dembinski, Piramide Ediciones Sa, 2010.<\/p>\n<h3><span style=\"text-decoration: underline;\">2009<\/span><\/h3>\n<p align=\"justify\"><em>\u00ab\u00a0<\/em>L\u2019impact de la crise mondiale sur le financement des PME et de l\u2019entrepreneuriat et les r\u00e9ponses en termes d\u2019action des pouvoirs publics <em>\u00bb<\/em>, OCDE, Juin 2009.<br \/>\n<a href=\"http:\/\/www.oecd.org\/document\/53\/0,3746,fr_2649_34197_43184117_1_1_1_1,00.html\">Pr\u00e9sentation et t\u00e9l\u00e9chargement<\/a><\/p>\n<p align=\"justify\">\u00ab Finance: Servant or Deceiver? Financialization at the Crossroad \u00bb, Paul H. Dembinski, Palgrave Macmillan, 2009.<br \/>\n<a href=\"http:\/\/www.obsfin.ch\/publications-2\/finance-servant-or-deceiver\/\">Pr\u00e9sentation<\/a><\/p>\n<h3><span style=\"text-decoration: underline;\">2008<\/span><\/h3>\n<p align=\"justify\"><em>\u00ab <\/em>Finance servante ou finance trompeuse ? : Rapport de l&#8217;Observatoire de la Finance \u00bb, Paul H. Dembinski, Descl\u00e9e de Brouwer, 2008.<br \/>\n<a title=\"\u00ab\u00a0Finance servante ou finance trompeuse?\u00a0\u00bb\" href=\"http:\/\/www.obsfin.ch\/publications\/finance-servante-ou-finance-trompeuse\/\">Pr\u00e9sentation<\/a><\/p>\n<h3><span style=\"text-decoration: underline;\">2005<\/span><\/h3>\n<p><em>\u00ab\u00a0<\/em>Enron and the World of Finance. A Case Study in Ethics <em>\u00bb<\/em>, D\u00e9cembre 2005.<\/p>\n<h3><span style=\"text-decoration: underline;\">2003<\/span><\/h3>\n<p><em>\u00ab\u00a0<\/em>Economie et Finance Globales, la port\u00e9e des chiffres <em>\u00bb<\/em>, 2003.<br \/>\n<a title=\"\u00ab\u00a0Economie et finance globales, la port\u00e9e des chiffres\u00a0\u00bb\" href=\"http:\/\/www.obsfin.ch\/publications\/economie-et-finance-globales-la-portee-des-chiffres-2\/\">Pr\u00e9sentation<\/a><\/p>\n<h3><span style=\"text-decoration: underline;\">2001<\/span><\/h3>\n<p><em>\u00ab\u00a0<\/em>Fondements \u00e9thiques de l&#8217;investissement responsable <em>\u00bb<\/em>, Paul Dembinski, 2001. <em>\u00ab\u00a0<\/em>Dette au del\u00e0 du contrat\/ Debt Beyond Contract<em> \u00bb<\/em>, Suppl\u00e9ment au n\u00b02 de Finance &amp; the Common Good\/Bien Commun, Edouard Dommen, Mai 2001.<\/p>\n<h3><span style=\"text-decoration: underline;\">\u00a02000<\/span><\/h3>\n<p><em>\u00ab\u00a0<\/em>Les enjeux \u00e9thiques dans les activit\u00e9s financi\u00e8res<em> \u00bb<\/em>, Document du Groupe &#8222;Finance &amp; Responsabilit\u00e9&#8220; &#8211; Gen\u00e8ve, Novembre 2000.<\/p>\n<h3><span style=\"text-decoration: underline;\">\u00a01999<\/span><\/h3>\n<p><em>\u00ab\u00a0<\/em>Debt and the Jubilee\u00a0: Pacing the Economy <em>\u00bb<\/em>, Suppl\u00e9ment au n\u00b01 de Finance &amp; the Common Good\/Bien Commun, Jean-Michel Bonvin, D\u00e9cembre 1999.<br \/>\n<a title=\"\u00ab\u00a0Economie et finance globales, la port\u00e9e des chiffres\u00a0\u00bb\" href=\"http:\/\/www.obsfin.ch\/de\/publikationen\/debt-and-the-jubilee\/\">Pr\u00e9sentation<\/a><\/p>\n","protected":false},"excerpt":{"rendered":"<p>2018 Etika \u00e9s felel\u0151ss\u00e9g a p\u00e9nz\u00fcgyi \u00e9letben, Paul H. Dembinski ,\u00a0KETEG Alap\u00edt\u00e1ny, 2018. Presentation 2017 \u00ab\u00a0Ethics and Responsibility in Finance [&hellip;]<\/p>\n","protected":false},"author":5,"featured_media":0,"parent":0,"menu_order":4,"comment_status":"closed","ping_status":"closed","template":"page-templates\/full-width.php","meta":{"site-sidebar-layout":"default","site-content-layout":"","ast-site-content-layout":"default","site-content-style":"default","site-sidebar-style":"default","ast-global-header-display":"","ast-banner-title-visibility":"","ast-main-header-display":"","ast-hfb-above-header-display":"","ast-hfb-below-header-display":"","ast-hfb-mobile-header-display":"","site-post-title":"","ast-breadcrumbs-content":"","ast-featured-img":"","footer-sml-layout":"","ast-disable-related-posts":"","theme-transparent-header-meta":"","adv-header-id-meta":"","stick-header-meta":"","header-above-stick-meta":"","header-main-stick-meta":"","header-below-stick-meta":"","astra-migrate-meta-layouts":"default","ast-page-background-enabled":"default","ast-page-background-meta":{"desktop":{"background-color":"var(--ast-global-color-4)","background-image":"","background-repeat":"repeat","background-position":"center center","background-size":"auto","background-attachment":"scroll","background-type":"","background-media":"","overlay-type":"","overlay-color":"","overlay-opacity":"","overlay-gradient":""},"tablet":{"background-color":"","background-image":"","background-repeat":"repeat","background-position":"center center","background-size":"auto","background-attachment":"scroll","background-type":"","background-media":"","overlay-type":"","overlay-color":"","overlay-opacity":"","overlay-gradient":""},"mobile":{"background-color":"","background-image":"","background-repeat":"repeat","background-position":"center center","background-size":"auto","background-attachment":"scroll","background-type":"","background-media":"","overlay-type":"","overlay-color":"","overlay-opacity":"","overlay-gradient":""}},"ast-content-background-meta":{"desktop":{"background-color":"var(--ast-global-color-5)","background-image":"","background-repeat":"repeat","background-position":"center center","background-size":"auto","background-attachment":"scroll","background-type":"","background-media":"","overlay-type":"","overlay-color":"","overlay-opacity":"","overlay-gradient":""},"tablet":{"background-color":"var(--ast-global-color-5)","background-image":"","background-repeat":"repeat","background-position":"center center","background-size":"auto","background-attachment":"scroll","background-type":"","background-media":"","overlay-type":"","overlay-color":"","overlay-opacity":"","overlay-gradient":""},"mobile":{"background-color":"var(--ast-global-color-5)","background-image":"","background-repeat":"repeat","background-position":"center center","background-size":"auto","background-attachment":"scroll","background-type":"","background-media":"","overlay-type":"","overlay-color":"","overlay-opacity":"","overlay-gradient":""}},"footnotes":""},"class_list":["post-607","page","type-page","status-publish","hentry"],"_links":{"self":[{"href":"https:\/\/www.obsfin.ch\/de\/wp-json\/wp\/v2\/pages\/607","targetHints":{"allow":["GET"]}}],"collection":[{"href":"https:\/\/www.obsfin.ch\/de\/wp-json\/wp\/v2\/pages"}],"about":[{"href":"https:\/\/www.obsfin.ch\/de\/wp-json\/wp\/v2\/types\/page"}],"author":[{"embeddable":true,"href":"https:\/\/www.obsfin.ch\/de\/wp-json\/wp\/v2\/users\/5"}],"replies":[{"embeddable":true,"href":"https:\/\/www.obsfin.ch\/de\/wp-json\/wp\/v2\/comments?post=607"}],"version-history":[{"count":4,"href":"https:\/\/www.obsfin.ch\/de\/wp-json\/wp\/v2\/pages\/607\/revisions"}],"predecessor-version":[{"id":965,"href":"https:\/\/www.obsfin.ch\/de\/wp-json\/wp\/v2\/pages\/607\/revisions\/965"}],"wp:attachment":[{"href":"https:\/\/www.obsfin.ch\/de\/wp-json\/wp\/v2\/media?parent=607"}],"curies":[{"name":"wp","href":"https:\/\/api.w.org\/{rel}","templated":true}]}}