{"id":109,"date":"2014-10-21T12:48:01","date_gmt":"2014-10-21T11:48:01","guid":{"rendered":"http:\/\/www.obsfin.ch\/blog\/?page_id=109"},"modified":"2015-05-27T08:10:59","modified_gmt":"2015-05-27T07:10:59","slug":"manifeste-pour-une-finance-au-service-du-bien-commun","status":"publish","type":"page","link":"https:\/\/www.obsfin.ch\/fr\/textes-fondateurs\/manifeste-pour-une-finance-au-service-du-bien-commun\/","title":{"rendered":"Manifeste pour une finance au service du bien commun"},"content":{"rendered":"<p>En mars 2008, l\u2019Observatoire de la Finance publiait le manifeste \u00ab Pour une Finance au service du Bien Commun \u00bb. Le texte ci-dessous constitue la seconde version de ce manifeste, enrichie de nombreux commentaires et remarques re\u00e7us en espace d\u2019une ann\u00e9e (mars 2008-octobre 2009), qui a permis de mettre en exergue la dif\ufb01cult\u00e9 \u00e0 penser la crise autrement qu\u2019en termes de simple perturbation conjoncturelle, le d\u00e9sarroi des acteurs tant politiques que priv\u00e9s et l\u2019inad\u00e9quation des mesures purement techniques pour juguler la crise.<\/p>\n<p>Ce texte veut alerter les femmes et les hommes de bonne volont\u00e9 sur le danger que court le tr\u00e9sor de la libert\u00e9 \u00e9conomique et politique, parce que nous avons succomb\u00e9 \u00e0 l\u2019illusion que les \u00ab vices priv\u00e9s \u00bb pouvaient effectivement contribuer \u00e0 des \u00ab vertus publiques \u00bb. Or, si les \u00ab vices priv\u00e9s \u00bb peuvent donner l\u2019impression d\u2019augmenter l\u2019ef\ufb01cacit\u00e9 \u00e9conomique, cela se fait au prix de la destruction en profondeur de l\u2019assise m\u00eame des soci\u00e9t\u00e9s : la con\ufb01ance, le respect et la solidarit\u00e9. Il est indispensable aujourd\u2019hui, alors qu\u2019il est encore temps, de reprendre l\u2019avenir entre nos mains, d\u2019inverser le processus de \ufb01nanciarisation et de remettre la \ufb01nance au service de l\u2019\u00e9panouissement et de la dignit\u00e9 humaine.<\/p>\n<p><img loading=\"lazy\" decoding=\"async\" class=\"alignnone wp-image-309 size-full\" src=\"http:\/\/www.obsfin.ch\/wp-content\/uploads\/2014\/10\/pdf.jpg\" alt=\"pdf\" width=\"124\" height=\"90\" srcset=\"https:\/\/www.obsfin.ch\/wp-content\/uploads\/2014\/10\/pdf.jpg 124w, https:\/\/www.obsfin.ch\/wp-content\/uploads\/2014\/10\/pdf-1x1.jpg 1w\" sizes=\"auto, (max-width: 124px) 100vw, 124px\" \/><\/p>\n<ul>\n<li><a href=\"http:\/\/www.obsfin.ch\/wp-content\/uploads\/Document\/2011-F-Manifeste de l'Observatoire.pdf\">Texte fran\u00e7ais<\/a><\/li>\n<li><a href=\"http:\/\/www.obsfin.ch\/wp-content\/uploads\/Document\/2011-ENG-Manifeste de l'Observatoire.pdf\">English text<\/a><\/li>\n<li><a href=\"http:\/\/www.obsfin.ch\/wp-content\/uploads\/Document\/2011-ESP-Manifesto del Observatoire.pdf\">Texto espanol<\/a><\/li>\n<li><a href=\"http:\/\/www.obsfin.ch\/wp-content\/uploads\/Document\/2011-ITA-Manifeste de l'Observatoire.pdf\">Testo italiano<\/a><\/li>\n<li><a href=\"http:\/\/www.obsfin.ch\/wp-content\/uploads\/Document\/2011-D-Manifeste de l'Observatoire.pdf\">Deutscher Text<\/a><\/li>\n<li><a href=\"http:\/\/www.obsfin.ch\/wp-content\/uploads\/Document\/2011-POL-Manifeste de l'Observatoire.pdf\">Polski tekst<\/a><\/li>\n<li><a href=\"http:\/\/www.obsfin.ch\/wp-content\/uploads\/Document\/2011-CHN-Manifeste%20de l'Observatoire 2.pdf\">\u6cd5\u56fd\u6587<\/a><\/li>\n<li><a href=\"http:\/\/www.obsfin.ch\/wp-content\/uploads\/Document\/2008-HUNG-Manifeste de l'Observatoire.pdf\">Magyar sz\u00f6veg (2008)<\/a><\/li>\n<li><a href=\"http:\/\/www.obsfin.ch\/wp-content\/uploads\/Document\/2008-RUSS-Manifeste de l'Observatoire.pdf\">\u0420\u0443\u0441\u0441\u043a\u0438\u0439 \u0442\u0435\u043a\u0441\u0442 (2008)<\/a><\/li>\n<\/ul>\n<p>Vos r\u00e9actions sont les bienvenues \u00e0: manifeste@obsfin.ch<\/p>\n","protected":false},"excerpt":{"rendered":"<p>En mars 2008, l\u2019Observatoire de la Finance publiait le manifeste \u00ab Pour une Finance au service du Bien Commun \u00bb. [&hellip;]<\/p>\n","protected":false},"author":5,"featured_media":0,"parent":104,"menu_order":2,"comment_status":"closed","ping_status":"closed","template":"page-templates\/full-width.php","meta":{"site-sidebar-layout":"default","site-content-layout":"","ast-site-content-layout":"default","site-content-style":"default","site-sidebar-style":"default","ast-global-header-display":"","ast-banner-title-visibility":"","ast-main-header-display":"","ast-hfb-above-header-display":"","ast-hfb-below-header-display":"","ast-hfb-mobile-header-display":"","site-post-title":"","ast-breadcrumbs-content":"","ast-featured-img":"","footer-sml-layout":"","ast-disable-related-posts":"","theme-transparent-header-meta":"","adv-header-id-meta":"","stick-header-meta":"","header-above-stick-meta":"","header-main-stick-meta":"","header-below-stick-meta":"","astra-migrate-meta-layouts":"default","ast-page-background-enabled":"default","ast-page-background-meta":{"desktop":{"background-color":"var(--ast-global-color-4)","background-image":"","background-repeat":"repeat","background-position":"center center","background-size":"auto","background-attachment":"scroll","background-type":"","background-media":"","overlay-type":"","overlay-color":"","overlay-opacity":"","overlay-gradient":""},"tablet":{"background-color":"","background-image":"","background-repeat":"repeat","background-position":"center center","background-size":"auto","background-attachment":"scroll","background-type":"","background-media":"","overlay-type":"","overlay-color":"","overlay-opacity":"","overlay-gradient":""},"mobile":{"background-color":"","background-image":"","background-repeat":"repeat","background-position":"center center","background-size":"auto","background-attachment":"scroll","background-type":"","background-media":"","overlay-type":"","overlay-color":"","overlay-opacity":"","overlay-gradient":""}},"ast-content-background-meta":{"desktop":{"background-color":"var(--ast-global-color-5)","background-image":"","background-repeat":"repeat","background-position":"center center","background-size":"auto","background-attachment":"scroll","background-type":"","background-media":"","overlay-type":"","overlay-color":"","overlay-opacity":"","overlay-gradient":""},"tablet":{"background-color":"var(--ast-global-color-5)","background-image":"","background-repeat":"repeat","background-position":"center center","background-size":"auto","background-attachment":"scroll","background-type":"","background-media":"","overlay-type":"","overlay-color":"","overlay-opacity":"","overlay-gradient":""},"mobile":{"background-color":"var(--ast-global-color-5)","background-image":"","background-repeat":"repeat","background-position":"center center","background-size":"auto","background-attachment":"scroll","background-type":"","background-media":"","overlay-type":"","overlay-color":"","overlay-opacity":"","overlay-gradient":""}},"footnotes":""},"class_list":["post-109","page","type-page","status-publish","hentry"],"_links":{"self":[{"href":"https:\/\/www.obsfin.ch\/fr\/wp-json\/wp\/v2\/pages\/109","targetHints":{"allow":["GET"]}}],"collection":[{"href":"https:\/\/www.obsfin.ch\/fr\/wp-json\/wp\/v2\/pages"}],"about":[{"href":"https:\/\/www.obsfin.ch\/fr\/wp-json\/wp\/v2\/types\/page"}],"author":[{"embeddable":true,"href":"https:\/\/www.obsfin.ch\/fr\/wp-json\/wp\/v2\/users\/5"}],"replies":[{"embeddable":true,"href":"https:\/\/www.obsfin.ch\/fr\/wp-json\/wp\/v2\/comments?post=109"}],"version-history":[{"count":11,"href":"https:\/\/www.obsfin.ch\/fr\/wp-json\/wp\/v2\/pages\/109\/revisions"}],"predecessor-version":[{"id":332,"href":"https:\/\/www.obsfin.ch\/fr\/wp-json\/wp\/v2\/pages\/109\/revisions\/332"}],"up":[{"embeddable":true,"href":"https:\/\/www.obsfin.ch\/fr\/wp-json\/wp\/v2\/pages\/104"}],"wp:attachment":[{"href":"https:\/\/www.obsfin.ch\/fr\/wp-json\/wp\/v2\/media?parent=109"}],"curies":[{"name":"wp","href":"https:\/\/api.w.org\/{rel}","templated":true}]}}