{"id":4,"date":"2014-10-21T08:09:23","date_gmt":"2014-10-21T07:09:23","guid":{"rendered":"http:\/\/www.obsfin.ch\/blog\/?page_id=4"},"modified":"2014-11-06T14:38:24","modified_gmt":"2014-11-06T13:38:24","slug":"qui-sommes-nous","status":"publish","type":"page","link":"https:\/\/www.obsfin.ch\/fr\/lobservatoire-de-la-finance\/qui-sommes-nous\/","title":{"rendered":"Qui sommes nous?"},"content":{"rendered":"<p>L\u2019Observatoire de la Finance est n\u00e9 dans le sillage d\u2019une question pos\u00e9e au d\u00e9but des ann\u00e9es 1990 \u00ab A quoi servent et quel est l\u2019impact des march\u00e9s \ufb01nanciers ? \u00bb. Le rapport \u00ab <a title=\"\u00ab\u00a0March\u00e9s financiers: une vocation trahie?\u00a0\u00bb\" href=\"http:\/\/www.obsfin.ch\/textes-fondateurs\/marches-financiers-une-vocation-trahie\/\">March\u00e9s \ufb01nanciers : une vocation trahie ?<\/a> \u00bb publi\u00e9 en 1993 a d\u00e9bouch\u00e9 sur la cr\u00e9ation en 1996 de l\u2019Observatoire de la Finance.<\/p>\n<p>Aujourd\u2019hui, l\u2019Observatoire de la Finance est un \u00ab think-tank \u00bb qui fait le lien entre le monde des techniques et pratiques \ufb01nanci\u00e8res et les exigences du bien commun. <strong>Ce faisant, il tente de clari\ufb01er la question du comment pour aborder avec comp\u00e9tence celle du pourquoi.<\/strong> L\u2019Observatoire de la Finance est ind\u00e9pendant, apolitique et non religieux.<\/p>\n<p>Les activit\u00e9s de l\u2019Observatoire de la Finance visent \u00e0 :<\/p>\n<ul>\n<li>Penser et articuler une r\u00e9flexion et un diagnostic pluridisciplinaire sur des aspects choisis de la finance et de leurs rapports \u00e0 la soci\u00e9t\u00e9.<\/li>\n<li>Proposer de nouvelles pistes et prises de position. En prenant appui sur le travail de r\u00e9flexion pr\u00e9alable, il s\u2019agit de confronter, de tester et d\u2019affiner avec les op\u00e9rateurs et les institutions concern\u00e9es, les diagnostics et les pistes les plus prometteuses.<\/li>\n<li>Mettre en \u0153uvre un processus dynamique visant \u00e0 diminuer la distance entre le c\u00f4t\u00e9 technique de la finance et sa dimension \u00e9thique.<\/li>\n<\/ul>\n<p>Par la qualit\u00e9 de ses travaux et sa capacit\u00e9 de dialogue et de collaboration, l\u2019Observatoire est progressivement devenu une r\u00e9f\u00e9rence en mati\u00e8re de responsabilit\u00e9 et d\u2019\u00e9thique en \ufb01nance. Dans une p\u00e9riode o\u00f9 le souci de l\u2019\u00e9thique, \u00e0 l\u2019instar de celui de la durabilit\u00e9, se g\u00e9n\u00e9ralise, l\u2019Observatoire a acquis une certaine cr\u00e9dibilit\u00e9 et comp\u00e9tence qu\u2019il entend d\u00e9velopper et mettre \u00e0 disposition de ses partenaires et du public.<\/p>\n","protected":false},"excerpt":{"rendered":"<p>L\u2019Observatoire de la Finance est n\u00e9 dans le sillage d\u2019une question pos\u00e9e au d\u00e9but des ann\u00e9es 1990 \u00ab A quoi [&hellip;]<\/p>\n","protected":false},"author":5,"featured_media":0,"parent":6,"menu_order":1,"comment_status":"closed","ping_status":"closed","template":"page-templates\/full-width.php","meta":{"site-sidebar-layout":"default","site-content-layout":"","ast-site-content-layout":"default","site-content-style":"default","site-sidebar-style":"default","ast-global-header-display":"","ast-banner-title-visibility":"","ast-main-header-display":"","ast-hfb-above-header-display":"","ast-hfb-below-header-display":"","ast-hfb-mobile-header-display":"","site-post-title":"","ast-breadcrumbs-content":"","ast-featured-img":"","footer-sml-layout":"","ast-disable-related-posts":"","theme-transparent-header-meta":"","adv-header-id-meta":"","stick-header-meta":"","header-above-stick-meta":"","header-main-stick-meta":"","header-below-stick-meta":"","astra-migrate-meta-layouts":"default","ast-page-background-enabled":"default","ast-page-background-meta":{"desktop":{"background-color":"var(--ast-global-color-4)","background-image":"","background-repeat":"repeat","background-position":"center center","background-size":"auto","background-attachment":"scroll","background-type":"","background-media":"","overlay-type":"","overlay-color":"","overlay-opacity":"","overlay-gradient":""},"tablet":{"background-color":"","background-image":"","background-repeat":"repeat","background-position":"center center","background-size":"auto","background-attachment":"scroll","background-type":"","background-media":"","overlay-type":"","overlay-color":"","overlay-opacity":"","overlay-gradient":""},"mobile":{"background-color":"","background-image":"","background-repeat":"repeat","background-position":"center center","background-size":"auto","background-attachment":"scroll","background-type":"","background-media":"","overlay-type":"","overlay-color":"","overlay-opacity":"","overlay-gradient":""}},"ast-content-background-meta":{"desktop":{"background-color":"var(--ast-global-color-5)","background-image":"","background-repeat":"repeat","background-position":"center center","background-size":"auto","background-attachment":"scroll","background-type":"","background-media":"","overlay-type":"","overlay-color":"","overlay-opacity":"","overlay-gradient":""},"tablet":{"background-color":"var(--ast-global-color-5)","background-image":"","background-repeat":"repeat","background-position":"center center","background-size":"auto","background-attachment":"scroll","background-type":"","background-media":"","overlay-type":"","overlay-color":"","overlay-opacity":"","overlay-gradient":""},"mobile":{"background-color":"var(--ast-global-color-5)","background-image":"","background-repeat":"repeat","background-position":"center center","background-size":"auto","background-attachment":"scroll","background-type":"","background-media":"","overlay-type":"","overlay-color":"","overlay-opacity":"","overlay-gradient":""}},"footnotes":""},"class_list":["post-4","page","type-page","status-publish","hentry"],"_links":{"self":[{"href":"https:\/\/www.obsfin.ch\/fr\/wp-json\/wp\/v2\/pages\/4","targetHints":{"allow":["GET"]}}],"collection":[{"href":"https:\/\/www.obsfin.ch\/fr\/wp-json\/wp\/v2\/pages"}],"about":[{"href":"https:\/\/www.obsfin.ch\/fr\/wp-json\/wp\/v2\/types\/page"}],"author":[{"embeddable":true,"href":"https:\/\/www.obsfin.ch\/fr\/wp-json\/wp\/v2\/users\/5"}],"replies":[{"embeddable":true,"href":"https:\/\/www.obsfin.ch\/fr\/wp-json\/wp\/v2\/comments?post=4"}],"version-history":[{"count":5,"href":"https:\/\/www.obsfin.ch\/fr\/wp-json\/wp\/v2\/pages\/4\/revisions"}],"predecessor-version":[{"id":362,"href":"https:\/\/www.obsfin.ch\/fr\/wp-json\/wp\/v2\/pages\/4\/revisions\/362"}],"up":[{"embeddable":true,"href":"https:\/\/www.obsfin.ch\/fr\/wp-json\/wp\/v2\/pages\/6"}],"wp:attachment":[{"href":"https:\/\/www.obsfin.ch\/fr\/wp-json\/wp\/v2\/media?parent=4"}],"curies":[{"name":"wp","href":"https:\/\/api.w.org\/{rel}","templated":true}]}}