{"id":71,"date":"2014-10-21T12:35:24","date_gmt":"2014-10-21T10:35:24","guid":{"rendered":"http:\/\/www.obsfin.ch\/blog\/?page_id=71"},"modified":"2022-06-23T10:09:37","modified_gmt":"2022-06-23T08:09:37","slug":"conseil-de-fondation","status":"publish","type":"page","link":"https:\/\/www.obsfin.ch\/fr\/lobservatoire-de-la-finance\/conseil-de-fondation\/","title":{"rendered":"Conseil de Fondation"},"content":{"rendered":"<p>L\u2019Observatoire de la Finance est une fondation de droit suisse \u00e0 vocation internationale, soumise \u00e0 la surveillance du D\u00e9partement f\u00e9d\u00e9ral de l\u2019Int\u00e9rieur \u00e0 Berne. La Fondation est dirig\u00e9e par un Conseil qui fixe les grandes orientations et leur cadre budg\u00e9taire.<\/p>\n<h2 style=\"text-align: center;\">\u00a0Les membres du Conseil<\/h2>\n<p align=\"justify\"><span style=\"text-decoration: underline;\"><span class=\"\" lang=\"EN-US\">Jean-Christophe Pernollet<\/span>, pr\u00e9sident<\/span><\/p>\n<p align=\"justify\"><span class=\"\" lang=\"FR-CH\">Jean-Christophe Pernollet est au b\u00e9n\u00e9fice d\u2019une vaste exp\u00e9rience internationale de direction et d\u2019administrateur combin\u00e9e \u00e0 une expertise fonctionnelle dans les domaines de la Finance, des Risques et de la Compliance. Il a \u00e9t\u00e9 Associ\u00e9 Audit chez PricewaterhouseCoopers , accr\u00e9dit\u00e9 par la FINMA, Autorit\u00e9 de surveillance des march\u00e9s financiers . Il exerce depuis 2010 des fonctions de direction de groupe sp\u00e9cialis\u00e9 dans la gestion de fortune et depuis 2015 est administrateur ind\u00e9pendant et pr\u00e9sident du comit\u00e9 d\u2019audit et des risques d\u2019une grande Fintech bancaire suisse.<\/span><\/p>\n<p align=\"justify\"><span style=\"text-decoration: underline;\">Paul H. Dembinski<\/span><\/p>\n<p align=\"justify\">Depuis la cr\u00e9ation de l\u2019Observatoire de la Finance, la direction de la fondation a \u00e9t\u00e9 con\ufb01\u00e9 \u00e0 Paul H. Dembinski. Paul H. Dembinski a \u00e9tudi\u00e9 la science politique \u00e0 l\u2019Universit\u00e9 de Gen\u00e8ve o\u00f9 il a obtenu un doctorat en \u00e9conomie. D\u00e8s 1979 il enseigne \u00e0 l\u2019Universit\u00e9 de Gen\u00e8ve, puis devient professeur \u00e0 la Facult\u00e9 des sciences \u00e9conomiques et sociales de l\u2019Universit\u00e9 de Fribourg. En 1989, il fonde Eco\u2019Diagnostic avec Alain Schoenenberger.<\/p>\n<p align=\"justify\"><span style=\"text-decoration: underline;\">Andrew Hilton<\/span><\/p>\n<p align=\"justify\">Dipl\u00f4m\u00e9 d\u2019Oxford et de Wharton et docteur de l\u2019Universit\u00e9 de Pennsylvanie, Andrew Hilton est directeur et co-fondateur du Centre for the Study of Financial Innovation cr\u00e9\u00e9 en 1993 \u00e0 Londres. Ce centre analyse les d\u00e9veloppements nouveaux dans l\u2019industrie des services bancaires et \ufb01nanciers au niveau international. Andrew Hilton est aussi directeur d\u2019un groupe de consultants \u00e9conomiques au service de clients gouvernementaux au Moyen-Orient. Il a travaill\u00e9 auparavant pour le Financial Times \u00e0 New York et pour la Banque Mondiale \u00e0 Washington.<\/p>\n<p align=\"justify\"><span style=\"text-decoration: underline;\">Paul-Andr\u00e9 Sanglard<\/span><\/p>\n<p align=\"justify\">Paul-Andr\u00e9 Sanglard est \u00e9conomiste. Il a tout d\u2019abord \u00e9t\u00e9 Tr\u00e9sorier du nouveau canton du Jura, puis membre de direction du \u00ab World Economic Forum \u00bb. Depuis 1989, il est administrateur de soci\u00e9t\u00e9s. Dans le secteur financier, il est notamment Pr\u00e9sident de la Banque Cantonale du Jura et du groupe Vaudoise Assurances ainsi que membre du conseil d\u2019administration de la Banque Cantonale Vaudoise.<\/p>\n<p align=\"justify\">\n<h2 style=\"text-align: center;\">Les anciens membres du conseil<\/h2>\n<p>Aujourd&rsquo;hui d\u00e9c\u00e9d\u00e9s, Maurice Cosandey, Jean-Loup Dherse,\u00a0Emilio Fontela et Antony Travis ont particip\u00e9 au Conseil de Fondation de l&rsquo;Observatoire de la Finance.<br \/>\n<span style=\"text-decoration: underline;\">Maurice Cosandey<\/span>,\u00a0\u00a0ing\u00e9nieur dipl\u00f4m\u00e9 du g\u00e9nie civil, a particip\u00e9 aux travaux pr\u00e9paratoires qui ont conduit \u00e0 la constitution de l\u2019Observatoire de la Finance.\u00a0 il a \u00e9t\u00e9 pr\u00e9sident de l\u2019Ecole Polytechnique F\u00e9d\u00e9rale de Lausanne (ex-EPUL) et du Conseil des \u00e9coles polytechniques f\u00e9d\u00e9rales.<br \/>\n<span style=\"text-decoration: underline;\">Jean-Loup Dherse<\/span> \u00e9tait administrateur de diverses soci\u00e9t\u00e9s, responsable d\u2019associations mais \u00e9galement co-pr\u00e9sident de la Table Ronde de Caux.<br \/>\n<span style=\"text-decoration: underline;\">Emilio Fontela<\/span> fut un Conseiller Sp\u00e9cial de la Commission Europ\u00e9enne ainsi que l&rsquo;auteur de nombreuses communications scientifiques en \u00e9conom\u00e9trie appliqu\u00e9e et dans le domaine de la prospective \u00e9conomique et sociale.<br \/>\n<span style=\"text-decoration: underline;\">Anthony Travis<\/span> a \u00e9t\u00e9 pr\u00e9cedemment Senior Partner chez PricewaterhouseCoopers (PwC). Il a travaill\u00e9 en Europe, Afrique et Moyen Orient.<\/p>\n<p align=\"justify\"><span style=\"text-decoration: underline;\">Ernesto Rossi di Montelera<\/span>,\u00a0de formation juridique, th\u00e9ologique et philosophique, a occup\u00e9 diverses responsabilit\u00e9s au sein d\u2019un groupe familial industriel\u00a0et a \u00e9galement pr\u00e9sid\u00e9 le Centre Catholique d\u2019Etudes \u00e0 Gen\u00e8ve.<\/p>\n","protected":false},"excerpt":{"rendered":"<p>L\u2019Observatoire de la Finance est une fondation de droit suisse \u00e0 vocation internationale, soumise \u00e0 la surveillance du D\u00e9partement f\u00e9d\u00e9ral [&hellip;]<\/p>\n","protected":false},"author":5,"featured_media":0,"parent":6,"menu_order":3,"comment_status":"closed","ping_status":"closed","template":"page-templates\/full-width.php","meta":{"site-sidebar-layout":"default","site-content-layout":"","ast-site-content-layout":"default","site-content-style":"default","site-sidebar-style":"default","ast-global-header-display":"","ast-banner-title-visibility":"","ast-main-header-display":"","ast-hfb-above-header-display":"","ast-hfb-below-header-display":"","ast-hfb-mobile-header-display":"","site-post-title":"","ast-breadcrumbs-content":"","ast-featured-img":"","footer-sml-layout":"","ast-disable-related-posts":"","theme-transparent-header-meta":"","adv-header-id-meta":"","stick-header-meta":"","header-above-stick-meta":"","header-main-stick-meta":"","header-below-stick-meta":"","astra-migrate-meta-layouts":"default","ast-page-background-enabled":"default","ast-page-background-meta":{"desktop":{"background-color":"var(--ast-global-color-4)","background-image":"","background-repeat":"repeat","background-position":"center center","background-size":"auto","background-attachment":"scroll","background-type":"","background-media":"","overlay-type":"","overlay-color":"","overlay-opacity":"","overlay-gradient":""},"tablet":{"background-color":"","background-image":"","background-repeat":"repeat","background-position":"center center","background-size":"auto","background-attachment":"scroll","background-type":"","background-media":"","overlay-type":"","overlay-color":"","overlay-opacity":"","overlay-gradient":""},"mobile":{"background-color":"","background-image":"","background-repeat":"repeat","background-position":"center center","background-size":"auto","background-attachment":"scroll","background-type":"","background-media":"","overlay-type":"","overlay-color":"","overlay-opacity":"","overlay-gradient":""}},"ast-content-background-meta":{"desktop":{"background-color":"var(--ast-global-color-5)","background-image":"","background-repeat":"repeat","background-position":"center center","background-size":"auto","background-attachment":"scroll","background-type":"","background-media":"","overlay-type":"","overlay-color":"","overlay-opacity":"","overlay-gradient":""},"tablet":{"background-color":"var(--ast-global-color-5)","background-image":"","background-repeat":"repeat","background-position":"center center","background-size":"auto","background-attachment":"scroll","background-type":"","background-media":"","overlay-type":"","overlay-color":"","overlay-opacity":"","overlay-gradient":""},"mobile":{"background-color":"var(--ast-global-color-5)","background-image":"","background-repeat":"repeat","background-position":"center center","background-size":"auto","background-attachment":"scroll","background-type":"","background-media":"","overlay-type":"","overlay-color":"","overlay-opacity":"","overlay-gradient":""}},"footnotes":""},"class_list":["post-71","page","type-page","status-publish","hentry"],"_links":{"self":[{"href":"https:\/\/www.obsfin.ch\/fr\/wp-json\/wp\/v2\/pages\/71","targetHints":{"allow":["GET"]}}],"collection":[{"href":"https:\/\/www.obsfin.ch\/fr\/wp-json\/wp\/v2\/pages"}],"about":[{"href":"https:\/\/www.obsfin.ch\/fr\/wp-json\/wp\/v2\/types\/page"}],"author":[{"embeddable":true,"href":"https:\/\/www.obsfin.ch\/fr\/wp-json\/wp\/v2\/users\/5"}],"replies":[{"embeddable":true,"href":"https:\/\/www.obsfin.ch\/fr\/wp-json\/wp\/v2\/comments?post=71"}],"version-history":[{"count":14,"href":"https:\/\/www.obsfin.ch\/fr\/wp-json\/wp\/v2\/pages\/71\/revisions"}],"predecessor-version":[{"id":5058,"href":"https:\/\/www.obsfin.ch\/fr\/wp-json\/wp\/v2\/pages\/71\/revisions\/5058"}],"up":[{"embeddable":true,"href":"https:\/\/www.obsfin.ch\/fr\/wp-json\/wp\/v2\/pages\/6"}],"wp:attachment":[{"href":"https:\/\/www.obsfin.ch\/fr\/wp-json\/wp\/v2\/media?parent=71"}],"curies":[{"name":"wp","href":"https:\/\/api.w.org\/{rel}","templated":true}]}}