{"id":73,"date":"2014-10-21T12:35:42","date_gmt":"2014-10-21T10:35:42","guid":{"rendered":"http:\/\/www.obsfin.ch\/blog\/?page_id=73"},"modified":"2014-11-06T14:13:45","modified_gmt":"2014-11-06T13:13:45","slug":"devenir-membre","status":"publish","type":"page","link":"https:\/\/www.obsfin.ch\/fr\/lobservatoire-de-la-finance\/devenir-membre\/","title":{"rendered":"Devenir membre"},"content":{"rendered":"<p>Le statut de membre de l\u2019Observatoire de la Finance s\u2019adresse aux entreprises, fondations, associations ou encore individus qui souhaitent soutenir une fondation dont le but fondamental est la recherche et la promotion du bien commun de et par les activit\u00e9s financi\u00e8res.<\/p>\n<p>&nbsp;<\/p>\n<h3>1) Membres individuels\u2013 300 CHF \/ Ann\u00e9e<\/h3>\n<p>Le membre individuel soutient l\u2019Observatoire avec une contribution de 300 CHF par ann\u00e9e.<\/p>\n<p>Le membre individuel re\u00e7oit ainsi :<br \/>\n&#8211; 1 abonnement \u00e0 la revue \u00ab Finance &amp; the Common Good\/Bien Commun \u00bb.<br \/>\n&#8211; Participation \u00e0 nos manifestations et conf\u00e9rences avec un rabais de 50% sur les frais d\u2019inscription.<br \/>\n&#8211; Participation aux discussions de nos groupes de travail.<\/p>\n<h3><\/h3>\n<h3>2) Membres institutionnels \u2013 d\u00e8s 5\u2019000 CHF \/ Ann\u00e9e<\/h3>\n<p>Le membre institutionnel contribue \u00e0 raison de 5\u2019000 CHF ou plus par ann\u00e9e et avec un engagement initial de 3 \u00e0 5 ans.<\/p>\n<p>Le membre institutionnel re\u00e7oit ainsi :<br \/>\n&#8211; 3 abonnements \u00e0 la revue \u00ab Finance &amp; the Common Good\/Bien Commun \u00bb.<br \/>\n&#8211; Participation de 3 de ses collaborateurs ou invit\u00e9s \u00e0 nos manifestations ou conf\u00e9rences avec 50% de rabais sur les frais d\u2019inscription.<br \/>\n&#8211; Participation aux discussions de nos groupes de travail pour les collaborateurs et les invit\u00e9s sur les th\u00e8mes qui les int\u00e9ressent.<br \/>\n&#8211; Visibilit\u00e9 sur notre site Internet (logo) ainsi que lors de nos manifestations (distribution de brochures, etc.).<\/p>\n<h3><\/h3>\n<h3>3) Membres partenaires \u2013 d\u00e8s 30\u2019000 CHF \/ Ann\u00e9e<\/h3>\n<p>Le membre partenaire soutient l\u2019Observatoire \u00e0 raison d&rsquo;au moins 30\u2019000 CHF par ann\u00e9e et avec un engagement initial de 3 \u00e0 5 ans.<\/p>\n<p>Le membre partenaire re\u00e7oit ainsi :<br \/>\n&#8211; Un nombre d\u2019abonnements \u00e0 convenir \u00e0 la revue \u00ab Finance &amp; the Common Good\/Bien Commun \u00bb.<br \/>\n&#8211; Participation gratuite de 2 de ses collaborateurs aux manifestations ou conf\u00e9rences de l\u2019Observatoire.<br \/>\n&#8211; Participation aux discussions de nos groupes de travail pour les collaborateurs et les invit\u00e9s sur les th\u00e8mes qui les int\u00e9ressent.<br \/>\n&#8211; Visibilit\u00e9 du partenaire sur notre site Internet et distribution de mat\u00e9riel promotionnel lors des manifestations.<br \/>\n&#8211; Organisation de s\u00e9minaires internes \u00e0 la demande du membre partenaire.<br \/>\n&#8211; Attribution d\u2019un si\u00e8ge de plein droit dans le \u00ab Conseil d\u2019Orientation \u00bb et possibilit\u00e9 de participer aux d\u00e9cisions sur les futures activit\u00e9s de l\u2019Observatoire de la Finance.<\/p>\n","protected":false},"excerpt":{"rendered":"<p>Le statut de membre de l\u2019Observatoire de la Finance s\u2019adresse aux entreprises, fondations, associations ou encore individus qui souhaitent soutenir [&hellip;]<\/p>\n","protected":false},"author":5,"featured_media":0,"parent":6,"menu_order":5,"comment_status":"closed","ping_status":"closed","template":"page-templates\/full-width.php","meta":{"site-sidebar-layout":"default","site-content-layout":"","ast-site-content-layout":"default","site-content-style":"default","site-sidebar-style":"default","ast-global-header-display":"","ast-banner-title-visibility":"","ast-main-header-display":"","ast-hfb-above-header-display":"","ast-hfb-below-header-display":"","ast-hfb-mobile-header-display":"","site-post-title":"","ast-breadcrumbs-content":"","ast-featured-img":"","footer-sml-layout":"","ast-disable-related-posts":"","theme-transparent-header-meta":"","adv-header-id-meta":"","stick-header-meta":"","header-above-stick-meta":"","header-main-stick-meta":"","header-below-stick-meta":"","astra-migrate-meta-layouts":"default","ast-page-background-enabled":"default","ast-page-background-meta":{"desktop":{"background-color":"var(--ast-global-color-4)","background-image":"","background-repeat":"repeat","background-position":"center center","background-size":"auto","background-attachment":"scroll","background-type":"","background-media":"","overlay-type":"","overlay-color":"","overlay-opacity":"","overlay-gradient":""},"tablet":{"background-color":"","background-image":"","background-repeat":"repeat","background-position":"center center","background-size":"auto","background-attachment":"scroll","background-type":"","background-media":"","overlay-type":"","overlay-color":"","overlay-opacity":"","overlay-gradient":""},"mobile":{"background-color":"","background-image":"","background-repeat":"repeat","background-position":"center center","background-size":"auto","background-attachment":"scroll","background-type":"","background-media":"","overlay-type":"","overlay-color":"","overlay-opacity":"","overlay-gradient":""}},"ast-content-background-meta":{"desktop":{"background-color":"var(--ast-global-color-5)","background-image":"","background-repeat":"repeat","background-position":"center center","background-size":"auto","background-attachment":"scroll","background-type":"","background-media":"","overlay-type":"","overlay-color":"","overlay-opacity":"","overlay-gradient":""},"tablet":{"background-color":"var(--ast-global-color-5)","background-image":"","background-repeat":"repeat","background-position":"center center","background-size":"auto","background-attachment":"scroll","background-type":"","background-media":"","overlay-type":"","overlay-color":"","overlay-opacity":"","overlay-gradient":""},"mobile":{"background-color":"var(--ast-global-color-5)","background-image":"","background-repeat":"repeat","background-position":"center center","background-size":"auto","background-attachment":"scroll","background-type":"","background-media":"","overlay-type":"","overlay-color":"","overlay-opacity":"","overlay-gradient":""}},"footnotes":""},"class_list":["post-73","page","type-page","status-publish","hentry"],"_links":{"self":[{"href":"https:\/\/www.obsfin.ch\/fr\/wp-json\/wp\/v2\/pages\/73","targetHints":{"allow":["GET"]}}],"collection":[{"href":"https:\/\/www.obsfin.ch\/fr\/wp-json\/wp\/v2\/pages"}],"about":[{"href":"https:\/\/www.obsfin.ch\/fr\/wp-json\/wp\/v2\/types\/page"}],"author":[{"embeddable":true,"href":"https:\/\/www.obsfin.ch\/fr\/wp-json\/wp\/v2\/users\/5"}],"replies":[{"embeddable":true,"href":"https:\/\/www.obsfin.ch\/fr\/wp-json\/wp\/v2\/comments?post=73"}],"version-history":[{"count":3,"href":"https:\/\/www.obsfin.ch\/fr\/wp-json\/wp\/v2\/pages\/73\/revisions"}],"predecessor-version":[{"id":452,"href":"https:\/\/www.obsfin.ch\/fr\/wp-json\/wp\/v2\/pages\/73\/revisions\/452"}],"up":[{"embeddable":true,"href":"https:\/\/www.obsfin.ch\/fr\/wp-json\/wp\/v2\/pages\/6"}],"wp:attachment":[{"href":"https:\/\/www.obsfin.ch\/fr\/wp-json\/wp\/v2\/media?parent=73"}],"curies":[{"name":"wp","href":"https:\/\/api.w.org\/{rel}","templated":true}]}}