{"id":75,"date":"2014-10-21T12:36:17","date_gmt":"2014-10-21T10:36:17","guid":{"rendered":"http:\/\/www.obsfin.ch\/blog\/?page_id=75"},"modified":"2014-10-21T16:28:53","modified_gmt":"2014-10-21T14:28:53","slug":"mission","status":"publish","type":"page","link":"https:\/\/www.obsfin.ch\/fr\/lobservatoire-de-la-finance\/mission\/","title":{"rendered":"Mission"},"content":{"rendered":"<p>L\u2019\u00e9conomie occupe aujourd\u2019hui le c\u0153ur du social, et le \ufb01nancier est au centre de la vie \u00e9conomique. La \ufb01nance ne se r\u00e9duit pas uniquement aux techniques, instruments ou institutions \ufb01nanciers, elle englobe les mod\u00e8les, les modes de pens\u00e9e et les valeurs \u00e9thiques que ces techniques v\u00e9hiculent implicitement ou explicitement. Par cons\u00e9quent, les relations entre la \ufb01nance \u2013 au sens large \u2013 et les soci\u00e9t\u00e9s contemporaines sont d\u00e9terminantes pour l\u2019avenir \u00e9conomique, culturel et \u00e9thique de la plan\u00e8te. Leur d\u00e9veloppement n\u2019est viable \u00e0 long terme (durable diraient certains) que s\u2019il s\u2019inscrit dans la qu\u00eate du bien commun, ce qui suppose, au-del\u00e0 des seules comp\u00e9tences techniques, la bonne volont\u00e9 des principaux acteurs.<\/p>\n<p><strong>La mission de l\u2019Observatoire de la Finance consiste \u00e0 promouvoir la prise en compte des exigences du bien commun, dans et par les activit\u00e9s \ufb01nanci\u00e8res. Pour cela nous misons sur un dialogue constant, sur la r\u00e9flexion critique parce que ind\u00e9pendante, inform\u00e9e, s\u00e9rieuse, interdisciplinaire, impliquant aussi bien les op\u00e9rateurs que les intellectuels.<\/strong><\/p>\n<p>Nos activit\u00e9s reposent sur trois convictions :<\/p>\n<ul>\n<li><span style=\"text-decoration: underline;\">Les activit\u00e9s financi\u00e8res sont indispensables<\/span> au progr\u00e8s et au d\u00e9veloppement, pour lesquels elles sont un instrument \u00e9conomique de premier plan, mais pas la finalit\u00e9 ultime.<\/li>\n<li><span style=\"text-decoration: underline;\">Le bien commun n\u2019est pas un projet de soci\u00e9t\u00e9, mais r\u00e9sulte de l\u2019action<\/span>, pas n\u00e9cessairement concert\u00e9e, des acteurs soucieux \u00e0 la fois du bien des personnes et du bien de la communaut\u00e9.<\/li>\n<li>L\u2019homme sensible aux exigences du bien commun e<span style=\"text-decoration: underline;\">st capable de le garder pr\u00e9sent \u00e0 l\u2019esprit au c\u0153ur m\u00eame de sa vie professionnelle de d\u00e9cideur, de concepteur ou de communicateur.<\/span><\/li>\n<\/ul>\n","protected":false},"excerpt":{"rendered":"<p>L\u2019\u00e9conomie occupe aujourd\u2019hui le c\u0153ur du social, et le \ufb01nancier est au centre de la vie \u00e9conomique. La \ufb01nance ne [&hellip;]<\/p>\n","protected":false},"author":5,"featured_media":0,"parent":6,"menu_order":2,"comment_status":"closed","ping_status":"closed","template":"page-templates\/full-width.php","meta":{"site-sidebar-layout":"default","site-content-layout":"","ast-site-content-layout":"default","site-content-style":"default","site-sidebar-style":"default","ast-global-header-display":"","ast-banner-title-visibility":"","ast-main-header-display":"","ast-hfb-above-header-display":"","ast-hfb-below-header-display":"","ast-hfb-mobile-header-display":"","site-post-title":"","ast-breadcrumbs-content":"","ast-featured-img":"","footer-sml-layout":"","ast-disable-related-posts":"","theme-transparent-header-meta":"","adv-header-id-meta":"","stick-header-meta":"","header-above-stick-meta":"","header-main-stick-meta":"","header-below-stick-meta":"","astra-migrate-meta-layouts":"default","ast-page-background-enabled":"default","ast-page-background-meta":{"desktop":{"background-color":"var(--ast-global-color-4)","background-image":"","background-repeat":"repeat","background-position":"center center","background-size":"auto","background-attachment":"scroll","background-type":"","background-media":"","overlay-type":"","overlay-color":"","overlay-opacity":"","overlay-gradient":""},"tablet":{"background-color":"","background-image":"","background-repeat":"repeat","background-position":"center center","background-size":"auto","background-attachment":"scroll","background-type":"","background-media":"","overlay-type":"","overlay-color":"","overlay-opacity":"","overlay-gradient":""},"mobile":{"background-color":"","background-image":"","background-repeat":"repeat","background-position":"center center","background-size":"auto","background-attachment":"scroll","background-type":"","background-media":"","overlay-type":"","overlay-color":"","overlay-opacity":"","overlay-gradient":""}},"ast-content-background-meta":{"desktop":{"background-color":"var(--ast-global-color-5)","background-image":"","background-repeat":"repeat","background-position":"center center","background-size":"auto","background-attachment":"scroll","background-type":"","background-media":"","overlay-type":"","overlay-color":"","overlay-opacity":"","overlay-gradient":""},"tablet":{"background-color":"var(--ast-global-color-5)","background-image":"","background-repeat":"repeat","background-position":"center center","background-size":"auto","background-attachment":"scroll","background-type":"","background-media":"","overlay-type":"","overlay-color":"","overlay-opacity":"","overlay-gradient":""},"mobile":{"background-color":"var(--ast-global-color-5)","background-image":"","background-repeat":"repeat","background-position":"center center","background-size":"auto","background-attachment":"scroll","background-type":"","background-media":"","overlay-type":"","overlay-color":"","overlay-opacity":"","overlay-gradient":""}},"footnotes":""},"class_list":["post-75","page","type-page","status-publish","hentry"],"_links":{"self":[{"href":"https:\/\/www.obsfin.ch\/fr\/wp-json\/wp\/v2\/pages\/75","targetHints":{"allow":["GET"]}}],"collection":[{"href":"https:\/\/www.obsfin.ch\/fr\/wp-json\/wp\/v2\/pages"}],"about":[{"href":"https:\/\/www.obsfin.ch\/fr\/wp-json\/wp\/v2\/types\/page"}],"author":[{"embeddable":true,"href":"https:\/\/www.obsfin.ch\/fr\/wp-json\/wp\/v2\/users\/5"}],"replies":[{"embeddable":true,"href":"https:\/\/www.obsfin.ch\/fr\/wp-json\/wp\/v2\/comments?post=75"}],"version-history":[{"count":2,"href":"https:\/\/www.obsfin.ch\/fr\/wp-json\/wp\/v2\/pages\/75\/revisions"}],"predecessor-version":[{"id":147,"href":"https:\/\/www.obsfin.ch\/fr\/wp-json\/wp\/v2\/pages\/75\/revisions\/147"}],"up":[{"embeddable":true,"href":"https:\/\/www.obsfin.ch\/fr\/wp-json\/wp\/v2\/pages\/6"}],"wp:attachment":[{"href":"https:\/\/www.obsfin.ch\/fr\/wp-json\/wp\/v2\/media?parent=75"}],"curies":[{"name":"wp","href":"https:\/\/api.w.org\/{rel}","templated":true}]}}