{"id":79,"date":"2014-10-21T12:37:06","date_gmt":"2014-10-21T10:37:06","guid":{"rendered":"http:\/\/www.obsfin.ch\/blog\/?page_id=79"},"modified":"2017-02-16T11:16:44","modified_gmt":"2017-02-16T10:16:44","slug":"directeur-paul-h-dembinski","status":"publish","type":"page","link":"https:\/\/www.obsfin.ch\/fr\/lobservatoire-de-la-finance\/directeur-paul-h-dembinski\/","title":{"rendered":"Directeur: Paul H. Dembinski"},"content":{"rendered":"<p align=\"justify\"><img loading=\"lazy\" decoding=\"async\" class=\"alignright wp-image-323 size-medium\" src=\"http:\/\/www.obsfin.ch\/wp-content\/uploads\/2014\/10\/Dembinski_C-252x300.jpg\" alt=\"Paul H. Dembinski\" width=\"252\" height=\"300\" srcset=\"https:\/\/www.obsfin.ch\/wp-content\/uploads\/2014\/10\/Dembinski_C-252x300.jpg 252w, https:\/\/www.obsfin.ch\/wp-content\/uploads\/2014\/10\/Dembinski_C-1x1.jpg 1w, https:\/\/www.obsfin.ch\/wp-content\/uploads\/2014\/10\/Dembinski_C.jpg 849w\" sizes=\"auto, (max-width: 252px) 100vw, 252px\" \/>N\u00e9 \u00e0 Cracovie en 1955, Paul H. Dembinski \u00e9tudie la science politique \u00e0 Gen\u00e8ve et y obtient un doctorat en \u00e9conomie politique (1982). Depuis 1979, il est assistant et ma\u00eetre assistant \u00e0 l\u2019Universit\u00e9 de Gen\u00e8ve puis devient professeur associ\u00e9 (en 1991) \u00e0 l\u2019Universit\u00e9 de Fribourg et occupe aujourd\u2019hui \u00e0 mi-temps la chaire de Strat\u00e9gie et de Concurrence Internationales.<\/p>\n<p align=\"justify\">En 1989, il fonde avec son associ\u00e9 Alain Schoenenberger <a href=\"http:\/\/www.obsfin.ch\/FR\/www.ecodiagnostic.ch\">Eco\u2019Diagnostic<\/a>, un institut enti\u00e8rement ind\u00e9pendant de recherche \u00e9conomique \u00e0 vocation interdisciplinaire. Cet institut continue de fonctionner aujourd\u2019hui.<\/p>\n<p align=\"justify\">Expert aupr\u00e8s d\u2019organisations internationales (OCDE, CNUCED etc.)\u00a0 il r\u00e9alise aussi des \u00e9tudes sur le tissu \u00e9conomique suisse aussi bien pour les cantons que pour la Conf\u00e9d\u00e9ration. <span lang=\"FR-CH\" xml:lang=\"FR-CH\"><br \/>\nD\u00e8s 1999, il co-r\u00e9dige la revue \u00ab\u00a0Finance &amp; Bien Commun \u00bb.<br \/>\n<\/span><\/p>\n<p align=\"justify\"><span lang=\"FR-CH\" xml:lang=\"FR-CH\">En 2005 suite \u00e0 la cr\u00e9ation du prix \u00ab\u00a0Ethique en Finance \u2013 Prix Robin Cosgrove\u00a0\u00bb, il copr\u00e9side avec Mme Carol Cosgrove-Sacks et M. Domingo Sugranyes les deux jurys.<br \/>\n<\/span><\/p>\n<p align=\"justify\">PHD travaille en allemand, anglais, espagnol, fran\u00e7ais et polonais.<\/p>\n<h2>Principaux ouvrages<\/h2>\n<p>\u00ab Ethique et Responsabilit\u00e9 en Finance \u2013 Quo Vadis? \u00bb (Editions Revue Banque, Paris, 2015) &#8211; Anglais, Allemand et Polonais ;<\/p>\n<p>\u00ab Beyond the Financial Crisis: Towards a Christian Perspective for Action, (with Simona Beretta) \u00bb (Caritas in Veritate Foundation, 2014) &#8211; Polonais ;<\/p>\n<p>\u00ab Trust &amp; Ethics in Finance, (co-editor) \u00bb (Globethics, 2012) ;<\/p>\n<p>\u00ab The Role of Large Enterprises in Democracy and Society (ed.) \u00bb (Palgrave, London, 2010) &#8211; Anglais ;<\/p>\n<p>\u00ab Pratiques financi\u00e8res \u2013 regards chr\u00e9tiens (sous la direction) \u00bb (Descl\u00e9e de Brouwer, Paris 2009) &#8211; Fran\u00e7ais ;<\/p>\n<p>\u00ab Finance servante ou finance trompeuse ?, Rapport de l&rsquo;Observatoire \u00bb (Descl\u00e9e de Brouwer, Paris, 2008) &#8211; Fran\u00e7ais, Anglais, Espagnol et Polonais ;<\/p>\n<p>\u00ab Enron and the World of Finance \u2013 a Case Study in Ethics (ed.) \u00bb (Palgrave, London, 2005) &#8211; Anglais ;<\/p>\n<p>\u00ab Les PME en Suisse. Profils et D\u00e9fis \u00bb (Georg, Gen\u00e8ve, 2004 et R\u00fcegger, Zurich, 2004) &#8211; Fran\u00e7ais ;<\/p>\n<p>\u00ab Economie et finance globales : la port\u00e9e des chiffres \u00bb (Nations Unies \u2013 New York et Gen\u00e8ve 2003) &#8211; Fran\u00e7ais et anglais ;<\/p>\n<p>\u00ab La privatisation en Europe de l\u2019Est \u00bb (PUF, Paris, 1995) &#8211; Fran\u00e7ais ;<\/p>\n<p>\u00ab Economie et Finances \u00bb (BPS, Berne, 1995) &#8211; Fran\u00e7ais, italien et allemand ;<\/p>\n<p>\u00ab Les \u00e9conomies planifi\u00e9es \u00bb (Points Economie, Paris, 1988) &#8211; Fran\u00e7ais et anglais.<\/p>\n<h2 style=\"text-align: left;\">Photos<\/h2>\n<p style=\"text-align: left;\">A t\u00e9l\u00e9charger :<\/p>\n<ul>\n<li style=\"text-align: left;\"><a href=\"http:\/\/www.obsfin.ch\/wp-content\/uploads\/Document\/Dembinski_C.jpg\">Image couleur<\/a><\/li>\n<li style=\"text-align: left;\"><a href=\"http:\/\/www.obsfin.ch\/wp-content\/uploads\/Document\/Dembinski_NB.jpg\">Image noir et blanc<\/a><\/li>\n<\/ul>\n","protected":false},"excerpt":{"rendered":"<p>N\u00e9 \u00e0 Cracovie en 1955, Paul H. Dembinski \u00e9tudie la science politique \u00e0 Gen\u00e8ve et y obtient un doctorat en [&hellip;]<\/p>\n","protected":false},"author":5,"featured_media":0,"parent":6,"menu_order":4,"comment_status":"closed","ping_status":"closed","template":"page-templates\/full-width.php","meta":{"site-sidebar-layout":"default","site-content-layout":"","ast-site-content-layout":"default","site-content-style":"default","site-sidebar-style":"default","ast-global-header-display":"","ast-banner-title-visibility":"","ast-main-header-display":"","ast-hfb-above-header-display":"","ast-hfb-below-header-display":"","ast-hfb-mobile-header-display":"","site-post-title":"","ast-breadcrumbs-content":"","ast-featured-img":"","footer-sml-layout":"","ast-disable-related-posts":"","theme-transparent-header-meta":"","adv-header-id-meta":"","stick-header-meta":"","header-above-stick-meta":"","header-main-stick-meta":"","header-below-stick-meta":"","astra-migrate-meta-layouts":"default","ast-page-background-enabled":"default","ast-page-background-meta":{"desktop":{"background-color":"var(--ast-global-color-4)","background-image":"","background-repeat":"repeat","background-position":"center center","background-size":"auto","background-attachment":"scroll","background-type":"","background-media":"","overlay-type":"","overlay-color":"","overlay-opacity":"","overlay-gradient":""},"tablet":{"background-color":"","background-image":"","background-repeat":"repeat","background-position":"center center","background-size":"auto","background-attachment":"scroll","background-type":"","background-media":"","overlay-type":"","overlay-color":"","overlay-opacity":"","overlay-gradient":""},"mobile":{"background-color":"","background-image":"","background-repeat":"repeat","background-position":"center center","background-size":"auto","background-attachment":"scroll","background-type":"","background-media":"","overlay-type":"","overlay-color":"","overlay-opacity":"","overlay-gradient":""}},"ast-content-background-meta":{"desktop":{"background-color":"var(--ast-global-color-5)","background-image":"","background-repeat":"repeat","background-position":"center center","background-size":"auto","background-attachment":"scroll","background-type":"","background-media":"","overlay-type":"","overlay-color":"","overlay-opacity":"","overlay-gradient":""},"tablet":{"background-color":"var(--ast-global-color-5)","background-image":"","background-repeat":"repeat","background-position":"center center","background-size":"auto","background-attachment":"scroll","background-type":"","background-media":"","overlay-type":"","overlay-color":"","overlay-opacity":"","overlay-gradient":""},"mobile":{"background-color":"var(--ast-global-color-5)","background-image":"","background-repeat":"repeat","background-position":"center center","background-size":"auto","background-attachment":"scroll","background-type":"","background-media":"","overlay-type":"","overlay-color":"","overlay-opacity":"","overlay-gradient":""}},"footnotes":""},"class_list":["post-79","page","type-page","status-publish","hentry"],"_links":{"self":[{"href":"https:\/\/www.obsfin.ch\/fr\/wp-json\/wp\/v2\/pages\/79","targetHints":{"allow":["GET"]}}],"collection":[{"href":"https:\/\/www.obsfin.ch\/fr\/wp-json\/wp\/v2\/pages"}],"about":[{"href":"https:\/\/www.obsfin.ch\/fr\/wp-json\/wp\/v2\/types\/page"}],"author":[{"embeddable":true,"href":"https:\/\/www.obsfin.ch\/fr\/wp-json\/wp\/v2\/users\/5"}],"replies":[{"embeddable":true,"href":"https:\/\/www.obsfin.ch\/fr\/wp-json\/wp\/v2\/comments?post=79"}],"version-history":[{"count":17,"href":"https:\/\/www.obsfin.ch\/fr\/wp-json\/wp\/v2\/pages\/79\/revisions"}],"predecessor-version":[{"id":885,"href":"https:\/\/www.obsfin.ch\/fr\/wp-json\/wp\/v2\/pages\/79\/revisions\/885"}],"up":[{"embeddable":true,"href":"https:\/\/www.obsfin.ch\/fr\/wp-json\/wp\/v2\/pages\/6"}],"wp:attachment":[{"href":"https:\/\/www.obsfin.ch\/fr\/wp-json\/wp\/v2\/media?parent=79"}],"curies":[{"name":"wp","href":"https:\/\/api.w.org\/{rel}","templated":true}]}}