{"id":8,"date":"2014-10-21T12:41:30","date_gmt":"2014-10-21T11:41:30","guid":{"rendered":"http:\/\/www.obsfin.ch\/blog\/?page_id=8"},"modified":"2020-08-11T10:45:24","modified_gmt":"2020-08-11T08:45:24","slug":"economie-et-finance-globales-la-portee-des-chiffres-2","status":"publish","type":"page","link":"https:\/\/www.obsfin.ch\/fr\/publications\/economie-et-finance-globales-la-portee-des-chiffres-2\/","title":{"rendered":"\u00ab\u00a0Economie et finance globales, la port\u00e9e des chiffres\u00a0\u00bb"},"content":{"rendered":"<p><strong><img loading=\"lazy\" decoding=\"async\" class=\"alignright wp-image-307 size-full\" title=\"Economie et finance globales La port\u00e9e des chiffres\" src=\"http:\/\/www.obsfin.ch\/wp-content\/uploads\/2014\/10\/Ecofinanceglobale.jpg\" alt=\"Economie et finance globales La port\u00e9e des chiffres\" width=\"200\" height=\"244\" srcset=\"https:\/\/www.obsfin.ch\/wp-content\/uploads\/2014\/10\/Ecofinanceglobale.jpg 200w, https:\/\/www.obsfin.ch\/wp-content\/uploads\/2014\/10\/Ecofinanceglobale-1x1.jpg 1w\" sizes=\"auto, (max-width: 200px) 100vw, 200px\" \/>\u00ab Economie et finance globales, la port\u00e9e des chiffres \u00bb, Sous la direction du Prof. Paul H. Dembinski, 160 pages, 2003.<\/strong><\/p>\n<p><a href=\"http:\/\/www.obsfin.ch\/2003-Economie-finance-globales\"><img loading=\"lazy\" decoding=\"async\" class=\"alignnone wp-image-309 size-full\" src=\"http:\/\/www.obsfin.ch\/wp-content\/uploads\/2014\/10\/pdf.jpg\" alt=\"pdf\" width=\"124\" height=\"90\" srcset=\"https:\/\/www.obsfin.ch\/wp-content\/uploads\/2014\/10\/pdf.jpg 124w, https:\/\/www.obsfin.ch\/wp-content\/uploads\/2014\/10\/pdf-1x1.jpg 1w\" sizes=\"auto, (max-width: 124px) 100vw, 124px\" \/><\/a><\/p>\n<p>Un ouvrage qui offre un cadre de r\u00e9f\u00e9rence, qui remet en perspective les donn\u00e9es statistiques, permet une vision rigoureuse et resitue la probl\u00e9matique de la globalisation dans sa densit\u00e9 historique. Le pari d&rsquo;Economie et finance globales, la port\u00e9e des chiffres est d\u2019aider son utilisateur \u00e0 d\u00e9velopper progressivement un regard autonome et fond\u00e9 sur l\u2019\u00e9conomie et la finance globales. Ce livre n\u2019est donc ni une synth\u00e8se, ni un pr\u00eat-\u00e0-penser, il n\u2019est pas non plus un \u00e9l\u00e9ment suppl\u00e9mentaire \u00e0 rajouter \u00e0 la multitude des opinions qui, trop souvent sous le pr\u00e9texte de leur caract\u00e8re scientifique, d\u00e9fendent un programme politique. Il se veut un instrument d\u2019orientation qui devrait permettre au lecteur de soupeser \u00e0 l\u2019aune des statistiques les arguments qui fusent dans le d\u00e9bat sur la mondialisation.<\/p>\n<p>L\u2019ossature du cadre de r\u00e9f\u00e9rence que propose cet ouvrage s\u2019articule autour de 25 notions-cl\u00e9s. Chacune d\u2019entre elles est abord\u00e9e dans la double perspective de sa signification conceptuelle et statistique. En effet, entre un concept qui tire son sens d\u2019un corpus th\u00e9orique dont il est issu et auquel il appartient, et une s\u00e9rie statistique qui porte le m\u00eame nom, le chemin est long et tortueux. Chacune des ces notions-cl\u00e9s s&rsquo;articule selon trois temps:<\/p>\n<ol>\n<li>D\u00e9finition \u00e9conomique du concept ;<\/li>\n<li>Probl\u00e8mes de mesure, m\u00e9thodes utilis\u00e9es et indications sur les principaux producteurs de l&rsquo;information primaire ;<\/li>\n<li>Commentaires sur les tendances r\u00e9centes (bas\u00e9s sur des repr\u00e9sentations graphiques).<\/li>\n<\/ol>\n<p>&nbsp;<\/p>\n<p style=\"text-align: center;\"><strong>Table des mati\u00e8res<\/strong><\/p>\n<p>1.0 Contexte de l&rsquo;\u00e9conomie globale<\/p>\n<p>1.1 Population<br \/>\n1.2 T\u00e9l\u00e9communications<br \/>\n1.3 Flux transport\u00e9s<br \/>\n1.4 Trafic postal<br \/>\n2.0 Principaux acteurs<\/p>\n<p>2.1 Population active<br \/>\n2.2 Tr\u00e8s grandes entreprises<br \/>\n2.3 Petites et moyennes entreprises<br \/>\n2.4 Budgets et d\u00e9ficits publics<br \/>\n2.5 Fonds mon\u00e9taire international<br \/>\n3.0 Economie et commerce<\/p>\n<p>3.1 Produit national et valeur ajout\u00e9e<br \/>\n3.2 Inflation<br \/>\n3.3 Indicateurs de d\u00e9veloppement<br \/>\n3.4 Commerce international<br \/>\n3.5 Investissement direct \u00e9tranger<br \/>\n4.0 Monnaie et finance<\/p>\n<p>4.1 Endettement international<br \/>\n4.2 R\u00e9gimes et taux de change<br \/>\n4.3 Taux d&rsquo;int\u00e9r\u00eat<br \/>\n4.4 Monnaie et agr\u00e9gats mon\u00e9taires<br \/>\n4.5 Banques centrales et r\u00e9serves internationales<br \/>\n5.0 March\u00e9s des capitaux<\/p>\n<p>5.1 Capitalisation boursi\u00e8re<br \/>\n5.2 Cours et indices boursiers<br \/>\n5.3 Capitaux lev\u00e9s en bourse<br \/>\n5.4 March\u00e9 obligataire et de cr\u00e9dit<br \/>\n5.5 Instruments d\u00e9riv\u00e9s<br \/>\n5.6 Transactions de charge<\/p>\n","protected":false},"excerpt":{"rendered":"<p>\u00ab Economie et finance globales, la port\u00e9e des chiffres \u00bb, Sous la direction du Prof. Paul H. Dembinski, 160 pages, [&hellip;]<\/p>\n","protected":false},"author":5,"featured_media":0,"parent":53,"menu_order":1,"comment_status":"closed","ping_status":"closed","template":"page-templates\/full-width.php","meta":{"site-sidebar-layout":"default","site-content-layout":"","ast-site-content-layout":"default","site-content-style":"default","site-sidebar-style":"default","ast-global-header-display":"","ast-banner-title-visibility":"","ast-main-header-display":"","ast-hfb-above-header-display":"","ast-hfb-below-header-display":"","ast-hfb-mobile-header-display":"","site-post-title":"","ast-breadcrumbs-content":"","ast-featured-img":"","footer-sml-layout":"","ast-disable-related-posts":"","theme-transparent-header-meta":"","adv-header-id-meta":"","stick-header-meta":"","header-above-stick-meta":"","header-main-stick-meta":"","header-below-stick-meta":"","astra-migrate-meta-layouts":"default","ast-page-background-enabled":"default","ast-page-background-meta":{"desktop":{"background-color":"var(--ast-global-color-4)","background-image":"","background-repeat":"repeat","background-position":"center center","background-size":"auto","background-attachment":"scroll","background-type":"","background-media":"","overlay-type":"","overlay-color":"","overlay-opacity":"","overlay-gradient":""},"tablet":{"background-color":"","background-image":"","background-repeat":"repeat","background-position":"center center","background-size":"auto","background-attachment":"scroll","background-type":"","background-media":"","overlay-type":"","overlay-color":"","overlay-opacity":"","overlay-gradient":""},"mobile":{"background-color":"","background-image":"","background-repeat":"repeat","background-position":"center center","background-size":"auto","background-attachment":"scroll","background-type":"","background-media":"","overlay-type":"","overlay-color":"","overlay-opacity":"","overlay-gradient":""}},"ast-content-background-meta":{"desktop":{"background-color":"var(--ast-global-color-5)","background-image":"","background-repeat":"repeat","background-position":"center center","background-size":"auto","background-attachment":"scroll","background-type":"","background-media":"","overlay-type":"","overlay-color":"","overlay-opacity":"","overlay-gradient":""},"tablet":{"background-color":"var(--ast-global-color-5)","background-image":"","background-repeat":"repeat","background-position":"center center","background-size":"auto","background-attachment":"scroll","background-type":"","background-media":"","overlay-type":"","overlay-color":"","overlay-opacity":"","overlay-gradient":""},"mobile":{"background-color":"var(--ast-global-color-5)","background-image":"","background-repeat":"repeat","background-position":"center center","background-size":"auto","background-attachment":"scroll","background-type":"","background-media":"","overlay-type":"","overlay-color":"","overlay-opacity":"","overlay-gradient":""}},"footnotes":""},"class_list":["post-8","page","type-page","status-publish","hentry"],"_links":{"self":[{"href":"https:\/\/www.obsfin.ch\/fr\/wp-json\/wp\/v2\/pages\/8","targetHints":{"allow":["GET"]}}],"collection":[{"href":"https:\/\/www.obsfin.ch\/fr\/wp-json\/wp\/v2\/pages"}],"about":[{"href":"https:\/\/www.obsfin.ch\/fr\/wp-json\/wp\/v2\/types\/page"}],"author":[{"embeddable":true,"href":"https:\/\/www.obsfin.ch\/fr\/wp-json\/wp\/v2\/users\/5"}],"replies":[{"embeddable":true,"href":"https:\/\/www.obsfin.ch\/fr\/wp-json\/wp\/v2\/comments?post=8"}],"version-history":[{"count":23,"href":"https:\/\/www.obsfin.ch\/fr\/wp-json\/wp\/v2\/pages\/8\/revisions"}],"predecessor-version":[{"id":5929,"href":"https:\/\/www.obsfin.ch\/fr\/wp-json\/wp\/v2\/pages\/8\/revisions\/5929"}],"up":[{"embeddable":true,"href":"https:\/\/www.obsfin.ch\/fr\/wp-json\/wp\/v2\/pages\/53"}],"wp:attachment":[{"href":"https:\/\/www.obsfin.ch\/fr\/wp-json\/wp\/v2\/media?parent=8"}],"curies":[{"name":"wp","href":"https:\/\/api.w.org\/{rel}","templated":true}]}}