{"id":959,"date":"2019-03-21T14:02:23","date_gmt":"2019-03-21T13:02:23","guid":{"rendered":"http:\/\/www.obsfin.ch\/publications\/debt-and-the-jubilee\/"},"modified":"2020-08-11T10:47:26","modified_gmt":"2020-08-11T08:47:26","slug":"debt-and-the-jubilee","status":"publish","type":"page","link":"https:\/\/www.obsfin.ch\/fr\/publications\/debt-and-the-jubilee\/","title":{"rendered":"Debt and the Jubilee,Pacing the Economy"},"content":{"rendered":"<p><strong><img loading=\"lazy\" decoding=\"async\" class=\"alignright size-medium wp-image-954\" src=\"http:\/\/www.obsfin.ch\/wp-content\/uploads\/2019\/03\/Debt-and-the-Jubilee-238x300.jpg\" alt=\"Debt and the Jubilee\" width=\"238\" height=\"300\" srcset=\"https:\/\/www.obsfin.ch\/wp-content\/uploads\/2019\/03\/Debt-and-the-Jubilee-238x300.jpg 238w, https:\/\/www.obsfin.ch\/wp-content\/uploads\/2019\/03\/Debt-and-the-Jubilee-813x1024.jpg 813w, https:\/\/www.obsfin.ch\/wp-content\/uploads\/2019\/03\/Debt-and-the-Jubilee-1x1.jpg 1w\" sizes=\"auto, (max-width: 238px) 100vw, 238px\" \/>Debt and the Jubilee : Pacing the Economy, Suppl\u00e9ment au n\u00b01 de Finance &amp; the Common Good\/Bien Commun, Jean-Michel Bonvin, December 1999<\/strong><\/p>\n<p><a href=\"http:\/\/www.obsfin.ch\/1999-Debt-and-the-Jubilee\"><img loading=\"lazy\" decoding=\"async\" class=\"alignnone wp-image-309 size-full\" src=\"http:\/\/www.obsfin.ch\/wp-content\/uploads\/2014\/10\/pdf.jpg\" alt=\"pdf\" width=\"124\" height=\"90\" srcset=\"https:\/\/www.obsfin.ch\/wp-content\/uploads\/2014\/10\/pdf.jpg 124w, https:\/\/www.obsfin.ch\/wp-content\/uploads\/2014\/10\/pdf-1x1.jpg 1w\" sizes=\"auto, (max-width: 124px) 100vw, 124px\" \/><\/a><\/p>\n<p>Le chapitre 25 du L\u00e9vitique comporte la d\u00e9finition la plus pr\u00e9cise de l\u2019ann\u00e9e jubilaire : \u00a0\u00bb Vous proclamerez l\u2019affranchissement de tous les habitants du pays&#8230; Chacun de vous rentrera dans son patrimoine&#8230; Cette cinquanti\u00e8me ann\u00e9e sera pour vous une ann\u00e9e jubilaire : vous ne s\u00e8merez pas, vous ne moissonnerez pas les \u00e9pis qui n\u2019auront pas \u00e9t\u00e9 mis en gerbes \u00a0\u00bb (Lv 25, 10-11).<\/p>\n<p>Le Jubil\u00e9 introduit ainsi une c\u00e9sure salutaire dans la logique \u00e9conomique, o\u00f9 il fait place \u00e0 un autre rythme mieux en phase avec les multiples dimensions de la personne humaine. Au c\u0153ur d\u2019une soci\u00e9t\u00e9 obnubil\u00e9e par les pr\u00e9occupations li\u00e9es \u00e0 la rentabilit\u00e9, il repr\u00e9sente le temps de l\u2019homme et le temps de Dieu. En ce sens, il constitue un d\u00e9fi que notre \u00e9poque, au m\u00eame titre que toutes les autres, est appel\u00e9e \u00e0 relever. Le Jubil\u00e9 se distingue aussi par son caract\u00e8re pragmatique, il ne cherche pas \u00e0 nier la r\u00e9alit\u00e9, notamment \u00e9conomique, mais \u00e0 la rendre plus conforme au plan d\u00e9fini par Dieu lui-m\u00eame. Par l\u00e0, il est dot\u00e9 d\u2019une force d\u2019inspiration qui en fait un id\u00e9al mobilisateur pour toutes les traditions religieuses et tous les courants d\u2019id\u00e9es soucieux de justice sociale.<\/p>\n<p>Anim\u00e9 de ce m\u00eame esprit, le colloque de J\u00e9rusalem sur le th\u00e8me \u00a0\u00bb Le Jubil\u00e9 et ses cons\u00e9quences \u00e9conomiques et sociales \u00a0\u00bb a donn\u00e9 lieu \u00e0 des \u00e9changes fructueux entre philosophes, sociologues, th\u00e9ologiens, historiens et \u00e9conomistes, repr\u00e9sentants des traditions juive et chr\u00e9tienne. Ce livre propose la synth\u00e8se de ces travaux<\/p>\n<p>&nbsp;<\/p>\n<p>&nbsp;<\/p>\n<p style=\"text-align: center;\"><strong>Table des mati\u00e8res<\/strong><\/p>\n<p>Introduction de Jean-Michel Bonvin<\/p>\n<p>1. Jubil\u00e9, justice sociale et \u00e9conomie<br \/>\nContributions de Jacob Milgrom, Edouard Dommen, Jacob Rosenberg et Avi Weiss, Paul H. Dembinski et Ernesto Rossi.<\/p>\n<p>2. Jubil\u00e9 et traditions religieuses<br \/>\nContributions de Jean-Marie Thiveaud, Raphael Jospe, Yehuda Don, Patrick de Laubier et Manfred Spieker.<\/p>\n<p>3. Jubil\u00e9 : un d\u00e9fi pour tous les temps<br \/>\nContributions de Jean-Marie Meyer, Jean Halp\u00e9rin, Jean-Claude Lavigne, Benjamin Ish-Shalom et Martin Dent.<\/p>\n","protected":false},"excerpt":{"rendered":"<p>Debt and the Jubilee : Pacing the Economy, Suppl\u00e9ment au n\u00b01 de Finance &amp; the Common Good\/Bien Commun, Jean-Michel Bonvin, [&hellip;]<\/p>\n","protected":false},"author":5,"featured_media":0,"parent":53,"menu_order":3,"comment_status":"closed","ping_status":"closed","template":"page-templates\/full-width.php","meta":{"site-sidebar-layout":"default","site-content-layout":"","ast-site-content-layout":"default","site-content-style":"default","site-sidebar-style":"default","ast-global-header-display":"","ast-banner-title-visibility":"","ast-main-header-display":"","ast-hfb-above-header-display":"","ast-hfb-below-header-display":"","ast-hfb-mobile-header-display":"","site-post-title":"","ast-breadcrumbs-content":"","ast-featured-img":"","footer-sml-layout":"","ast-disable-related-posts":"","theme-transparent-header-meta":"","adv-header-id-meta":"","stick-header-meta":"","header-above-stick-meta":"","header-main-stick-meta":"","header-below-stick-meta":"","astra-migrate-meta-layouts":"default","ast-page-background-enabled":"default","ast-page-background-meta":{"desktop":{"background-color":"var(--ast-global-color-4)","background-image":"","background-repeat":"repeat","background-position":"center center","background-size":"auto","background-attachment":"scroll","background-type":"","background-media":"","overlay-type":"","overlay-color":"","overlay-opacity":"","overlay-gradient":""},"tablet":{"background-color":"","background-image":"","background-repeat":"repeat","background-position":"center center","background-size":"auto","background-attachment":"scroll","background-type":"","background-media":"","overlay-type":"","overlay-color":"","overlay-opacity":"","overlay-gradient":""},"mobile":{"background-color":"","background-image":"","background-repeat":"repeat","background-position":"center center","background-size":"auto","background-attachment":"scroll","background-type":"","background-media":"","overlay-type":"","overlay-color":"","overlay-opacity":"","overlay-gradient":""}},"ast-content-background-meta":{"desktop":{"background-color":"var(--ast-global-color-5)","background-image":"","background-repeat":"repeat","background-position":"center center","background-size":"auto","background-attachment":"scroll","background-type":"","background-media":"","overlay-type":"","overlay-color":"","overlay-opacity":"","overlay-gradient":""},"tablet":{"background-color":"var(--ast-global-color-5)","background-image":"","background-repeat":"repeat","background-position":"center center","background-size":"auto","background-attachment":"scroll","background-type":"","background-media":"","overlay-type":"","overlay-color":"","overlay-opacity":"","overlay-gradient":""},"mobile":{"background-color":"var(--ast-global-color-5)","background-image":"","background-repeat":"repeat","background-position":"center center","background-size":"auto","background-attachment":"scroll","background-type":"","background-media":"","overlay-type":"","overlay-color":"","overlay-opacity":"","overlay-gradient":""}},"footnotes":""},"class_list":["post-959","page","type-page","status-publish","hentry"],"_links":{"self":[{"href":"https:\/\/www.obsfin.ch\/fr\/wp-json\/wp\/v2\/pages\/959","targetHints":{"allow":["GET"]}}],"collection":[{"href":"https:\/\/www.obsfin.ch\/fr\/wp-json\/wp\/v2\/pages"}],"about":[{"href":"https:\/\/www.obsfin.ch\/fr\/wp-json\/wp\/v2\/types\/page"}],"author":[{"embeddable":true,"href":"https:\/\/www.obsfin.ch\/fr\/wp-json\/wp\/v2\/users\/5"}],"replies":[{"embeddable":true,"href":"https:\/\/www.obsfin.ch\/fr\/wp-json\/wp\/v2\/comments?post=959"}],"version-history":[{"count":2,"href":"https:\/\/www.obsfin.ch\/fr\/wp-json\/wp\/v2\/pages\/959\/revisions"}],"predecessor-version":[{"id":2570,"href":"https:\/\/www.obsfin.ch\/fr\/wp-json\/wp\/v2\/pages\/959\/revisions\/2570"}],"up":[{"embeddable":true,"href":"https:\/\/www.obsfin.ch\/fr\/wp-json\/wp\/v2\/pages\/53"}],"wp:attachment":[{"href":"https:\/\/www.obsfin.ch\/fr\/wp-json\/wp\/v2\/media?parent=959"}],"curies":[{"name":"wp","href":"https:\/\/api.w.org\/{rel}","templated":true}]}}