{"id":97,"date":"2014-10-21T12:43:18","date_gmt":"2014-10-21T11:43:18","guid":{"rendered":"http:\/\/www.obsfin.ch\/blog\/?page_id=97"},"modified":"2014-11-06T14:37:12","modified_gmt":"2014-11-06T13:37:12","slug":"autres-activites","status":"publish","type":"page","link":"https:\/\/www.obsfin.ch\/fr\/activites\/autres-activites\/","title":{"rendered":"Autres activit\u00e9s"},"content":{"rendered":"<h2>L&rsquo;esprit des rencontres internationales \u00ab Ethique, Finance &amp; Responsabilit\u00e9 \u00bb<\/h2>\n<p>Le contexte d&rsquo;une finance toujours plus mondialis\u00e9e amplifie la tentation des acteurs de se r\u00e9fugier dans des paradigmes rassurants et d&rsquo;\u00e9vacuer ainsi la question plus complexe de l&rsquo;effet de leurs d\u00e9cisions sur le bien commun. Ainsi, au niveau individuel et institutionnel, les crit\u00e8res gouvernant la prise de d\u00e9cision se r\u00e9sument trop souvent \u00e0 des pr\u00e9occupations de rentabilit\u00e9 et r\u00e9duisent la notion de responsabilit\u00e9 \u00e0 une dimension strictement juridique et le terme \u00e9thique \u00e0 des r\u00e8gles d\u00e9ontologiques.<\/p>\n<p>C\u2019est dans cette perspective que l\u2019Observatoire de la Finance organise ses Rencontres Internationales intitul\u00e9es \u00ab Ethique, Finance et Responsabilit\u00e9 \u00bb depuis 2002. L\u2019objectif principal des Rencontres \u00ab Ethique, Finance et Responsabilit\u00e9 \u00bb, articul\u00e9es autour de tables rondes, est d\u2019offrir un \u00e9ventail d\u2019exemples et d\u2019analyses portant sur la question du rapport entre la finance et l\u2019\u00e9thique. Car, \u00e0 l\u2019heure actuelle, il est toujours plus essentiel d\u2019affermir le discernement des op\u00e9rateurs financiers pour que leurs d\u00e9cisions soient responsables et \u00e9thiquement fond\u00e9es.<\/p>\n<p>Les intervenants &#8211; issus des milieux acad\u00e9miques et intellectuels, des milieux financiers, des r\u00e9gulateurs publics et des ONG \u2013 sont originaires de toute l\u2019Europe, mais aussi des Etats-Unis ou d\u2019Afrique.<\/p>\n<p>&nbsp;<\/p>\n<h2>Des dilemmes \u00e9thiques dans la vie professionnelle<\/h2>\n<p>La vie professionnelle g\u00e9n\u00e8re naturellement des dilemmes \u00e9thiques. S\u2019ils restent refoul\u00e9s, ils taraudent en profondeur et sapent le moral des personnes et des institutions qu\u2019ils peuvent conduire \u00e0 la rupture.<\/p>\n<p>L\u2019Echo de l\u2019Ethique se veut un espace de dialogue o\u00f9 les probl\u00e8mes \u00e9thiques li\u00e9s \u00e0 la vie professionnelle peuvent \u00eatre articul\u00e9s et d\u00e9battus dans le respect strict de l\u2019anonymat, pour le plus grand bien de tous.<\/p>\n<p>Le groupe de travail se r\u00e9unit \u00e0 intervalle irr\u00e9gulier pour d\u00e9battre en profondeur des cas ou des situations, sans chercher n\u00e9cessairement le consensus. Au terme de chaque r\u00e9union, un compte rendu d\u00e9taill\u00e9 est r\u00e9dig\u00e9 et rendu accessible sur le site Internet de l&rsquo;Observatoire. Par cet interm\u00e9diaire, les auteurs des missives initiales pourront prendre connaissance, de mani\u00e8re anonyme, des commentaires et des r\u00e9flexions du groupe de travail.<\/p>\n","protected":false},"excerpt":{"rendered":"<p>L&rsquo;esprit des rencontres internationales \u00ab Ethique, Finance &amp; Responsabilit\u00e9 \u00bb Le contexte d&rsquo;une finance toujours plus mondialis\u00e9e amplifie la tentation [&hellip;]<\/p>\n","protected":false},"author":5,"featured_media":0,"parent":92,"menu_order":4,"comment_status":"closed","ping_status":"closed","template":"page-templates\/full-width.php","meta":{"site-sidebar-layout":"default","site-content-layout":"","ast-site-content-layout":"default","site-content-style":"default","site-sidebar-style":"default","ast-global-header-display":"","ast-banner-title-visibility":"","ast-main-header-display":"","ast-hfb-above-header-display":"","ast-hfb-below-header-display":"","ast-hfb-mobile-header-display":"","site-post-title":"","ast-breadcrumbs-content":"","ast-featured-img":"","footer-sml-layout":"","ast-disable-related-posts":"","theme-transparent-header-meta":"","adv-header-id-meta":"","stick-header-meta":"","header-above-stick-meta":"","header-main-stick-meta":"","header-below-stick-meta":"","astra-migrate-meta-layouts":"default","ast-page-background-enabled":"default","ast-page-background-meta":{"desktop":{"background-color":"var(--ast-global-color-4)","background-image":"","background-repeat":"repeat","background-position":"center center","background-size":"auto","background-attachment":"scroll","background-type":"","background-media":"","overlay-type":"","overlay-color":"","overlay-opacity":"","overlay-gradient":""},"tablet":{"background-color":"","background-image":"","background-repeat":"repeat","background-position":"center center","background-size":"auto","background-attachment":"scroll","background-type":"","background-media":"","overlay-type":"","overlay-color":"","overlay-opacity":"","overlay-gradient":""},"mobile":{"background-color":"","background-image":"","background-repeat":"repeat","background-position":"center center","background-size":"auto","background-attachment":"scroll","background-type":"","background-media":"","overlay-type":"","overlay-color":"","overlay-opacity":"","overlay-gradient":""}},"ast-content-background-meta":{"desktop":{"background-color":"var(--ast-global-color-5)","background-image":"","background-repeat":"repeat","background-position":"center center","background-size":"auto","background-attachment":"scroll","background-type":"","background-media":"","overlay-type":"","overlay-color":"","overlay-opacity":"","overlay-gradient":""},"tablet":{"background-color":"var(--ast-global-color-5)","background-image":"","background-repeat":"repeat","background-position":"center center","background-size":"auto","background-attachment":"scroll","background-type":"","background-media":"","overlay-type":"","overlay-color":"","overlay-opacity":"","overlay-gradient":""},"mobile":{"background-color":"var(--ast-global-color-5)","background-image":"","background-repeat":"repeat","background-position":"center center","background-size":"auto","background-attachment":"scroll","background-type":"","background-media":"","overlay-type":"","overlay-color":"","overlay-opacity":"","overlay-gradient":""}},"footnotes":""},"class_list":["post-97","page","type-page","status-publish","hentry"],"_links":{"self":[{"href":"https:\/\/www.obsfin.ch\/fr\/wp-json\/wp\/v2\/pages\/97","targetHints":{"allow":["GET"]}}],"collection":[{"href":"https:\/\/www.obsfin.ch\/fr\/wp-json\/wp\/v2\/pages"}],"about":[{"href":"https:\/\/www.obsfin.ch\/fr\/wp-json\/wp\/v2\/types\/page"}],"author":[{"embeddable":true,"href":"https:\/\/www.obsfin.ch\/fr\/wp-json\/wp\/v2\/users\/5"}],"replies":[{"embeddable":true,"href":"https:\/\/www.obsfin.ch\/fr\/wp-json\/wp\/v2\/comments?post=97"}],"version-history":[{"count":3,"href":"https:\/\/www.obsfin.ch\/fr\/wp-json\/wp\/v2\/pages\/97\/revisions"}],"predecessor-version":[{"id":141,"href":"https:\/\/www.obsfin.ch\/fr\/wp-json\/wp\/v2\/pages\/97\/revisions\/141"}],"up":[{"embeddable":true,"href":"https:\/\/www.obsfin.ch\/fr\/wp-json\/wp\/v2\/pages\/92"}],"wp:attachment":[{"href":"https:\/\/www.obsfin.ch\/fr\/wp-json\/wp\/v2\/media?parent=97"}],"curies":[{"name":"wp","href":"https:\/\/api.w.org\/{rel}","templated":true}]}}