{"id":99,"date":"2014-10-21T12:43:35","date_gmt":"2014-10-21T10:43:35","guid":{"rendered":"http:\/\/www.obsfin.ch\/blog\/?page_id=99"},"modified":"2019-07-29T14:59:05","modified_gmt":"2019-07-29T13:59:05","slug":"revue-finance-bien-commun","status":"publish","type":"page","link":"https:\/\/www.obsfin.ch\/fr\/activites\/revue-finance-bien-commun\/","title":{"rendered":"Revue Finance &#038; Bien Commun"},"content":{"rendered":"<h2>Pr\u00e9sentation de la revue \u00ab Finance &amp; Bien Commun \u00bb<\/h2>\n<p>La revue est destin\u00e9e avant tout aux protagonistes de la finance &#8211; au sens large &#8211; interpell\u00e9s par la dimension \u00e9thique de leurs activit\u00e9s, qui s\u2019interrogent sur la mani\u00e8re de contribuer au bien commun par l\u2019exercice de leurs comp\u00e9tences.<\/p>\n<p>Le comit\u00e9 \u00e9ditorial de \u00ab Finance &amp; Bien Commun \u00bb est convaincu que les activit\u00e9s et professions de la \ufb01nance ne pourront s\u2019acquitter de leur fonction d\u2019interm\u00e9diaire de mani\u00e8re b\u00e9n\u00e9\ufb01que pour tous que si elles tiennent compte, dans leurs d\u00e9cisions op\u00e9rationnelles et dans leurs activit\u00e9s de formation, des consid\u00e9rations \u00e9thiques, et plus largement de la contribution de ces d\u00e9cisions au bien commun. Cette pr\u00e9occupation se d\u00e9cline le long de quatre axes qui structurent la r\u00e9\ufb02exion men\u00e9e dans la revue :<\/p>\n<ul>\n<li>Le premier axes concerne la place changeante de la \ufb01nance dans l\u2019architecture politique des soci\u00e9t\u00e9s, mais aussi du monde dans sa globalit\u00e9. Il s\u2019agit ici de tenir compte \u00e0 la fois de l\u2019exigence d\u2019un \u00ab ordre mondial \u00bb enracin\u00e9 dans des normes communes lui assurant un minimum de coh\u00e9rence, de stabilit\u00e9, et de la vari\u00e9t\u00e9 des cultures, normes et institutions.<\/li>\n<li>Le deuxi\u00e8me axe s\u2019articule autour de la mani\u00e8re dont les th\u00e9oriciens et les techniciens pensent la \ufb01nance et voient son r\u00f4le.<\/li>\n<li>Le troisi\u00e8me concerne l\u2019exercice de l\u2019\u00e9thique dans un monde globalis\u00e9 mais pluriel. Il s\u2019agit d\u2019\u00e9clairer l\u2019interaction entre les normes, les imp\u00e9ratifs moraux, les syst\u00e8mes de valeurs et les spiritualit\u00e9s, qui visent au d\u00e9veloppement de la personne et \u00e0 une r\u00e9partition \u00e9quitable des fruits du progr\u00e8s.<\/li>\n<li>Le quatri\u00e8me axe concerne l\u2019apport de la \ufb01nance aux autres activit\u00e9s de production et d\u2019\u00e9change et son impact sur le bien commun. Il s\u2019agit notamment des solutions et innovations institutionnelles parfois quali\ufb01\u00e9es de \u00ab \ufb01nance \u00e9thique \u00bb (ou \u00ab \ufb01nance solidaire \u00bb).<\/li>\n<\/ul>\n<p>La revue \u00ab Finance &amp; Bien Commun \u00bb para\u00eet depuis 1998. La revue est bilingue, fran\u00e7ais et anglais, avec des r\u00e9sum\u00e9s de chaque article dans l\u2019autre langue.<\/p>\n<h2><img loading=\"lazy\" decoding=\"async\" class=\"aligncenter wp-image-320 size-medium\" title=\"Finance et Bien Commun\" src=\"http:\/\/www.obsfin.ch\/wp-content\/uploads\/2014\/10\/logo.fbc_-300x128.gif\" alt=\"Finance et Bien Commun\" width=\"300\" height=\"128\" srcset=\"https:\/\/www.obsfin.ch\/wp-content\/uploads\/2014\/10\/logo.fbc_-300x128.gif 300w, https:\/\/www.obsfin.ch\/wp-content\/uploads\/2014\/10\/logo.fbc_-2x1.gif 2w\" sizes=\"auto, (max-width: 300px) 100vw, 300px\" \/><\/h2>\n<h2>Soumettre un texte<\/h2>\n<p>Les auteurs peuvent soumettre spontan\u00e9ment un texte au comit\u00e9 de r\u00e9daction dans l\u2019optique d\u2019une future parution dans la revue.<\/p>\n<h2><a href=\"http:\/\/www.obsfin.ch\/fr\/les-derniers-numeros\/\">Les derniers num\u00e9ros<\/a><\/h2>\n<p>N\u00b044&amp;45\u00a0&#8211; Ethics &amp; Trust in Finance: Opening the second decade \/ En route pour la deuxi\u00e8me d\u00e9cennie &#8211; Nominated essays, 6th edition 2016\/2017 &#8211;\u00a02017<\/p>\n<p>N\u00b042&amp;43 &#8211; Ethics in Finance, Sense of urgency \/ Le sens de l&rsquo;urgence &#8211;\u00a0Nominated essays, The Robin Cosgrove Prize 2014\/2015 &#8211; 2015<\/p>\n<p>N\u00b040&amp;41 &#8211; Ethics in Finance: What can we do? The views of the upcoming generation &#8211; Nominated essays, The Robin Cosgrove Prize 2012\/2013 &#8211;\u00a02013<\/p>\n<p>&nbsp;<\/p>\n","protected":false},"excerpt":{"rendered":"<p>Pr\u00e9sentation de la revue \u00ab Finance &amp; Bien Commun \u00bb La revue est destin\u00e9e avant tout aux protagonistes de la [&hellip;]<\/p>\n","protected":false},"author":5,"featured_media":0,"parent":92,"menu_order":1,"comment_status":"closed","ping_status":"closed","template":"page-templates\/full-width.php","meta":{"site-sidebar-layout":"default","site-content-layout":"","ast-site-content-layout":"default","site-content-style":"default","site-sidebar-style":"default","ast-global-header-display":"","ast-banner-title-visibility":"","ast-main-header-display":"","ast-hfb-above-header-display":"","ast-hfb-below-header-display":"","ast-hfb-mobile-header-display":"","site-post-title":"","ast-breadcrumbs-content":"","ast-featured-img":"","footer-sml-layout":"","ast-disable-related-posts":"","theme-transparent-header-meta":"","adv-header-id-meta":"","stick-header-meta":"","header-above-stick-meta":"","header-main-stick-meta":"","header-below-stick-meta":"","astra-migrate-meta-layouts":"default","ast-page-background-enabled":"default","ast-page-background-meta":{"desktop":{"background-color":"var(--ast-global-color-4)","background-image":"","background-repeat":"repeat","background-position":"center center","background-size":"auto","background-attachment":"scroll","background-type":"","background-media":"","overlay-type":"","overlay-color":"","overlay-opacity":"","overlay-gradient":""},"tablet":{"background-color":"","background-image":"","background-repeat":"repeat","background-position":"center center","background-size":"auto","background-attachment":"scroll","background-type":"","background-media":"","overlay-type":"","overlay-color":"","overlay-opacity":"","overlay-gradient":""},"mobile":{"background-color":"","background-image":"","background-repeat":"repeat","background-position":"center center","background-size":"auto","background-attachment":"scroll","background-type":"","background-media":"","overlay-type":"","overlay-color":"","overlay-opacity":"","overlay-gradient":""}},"ast-content-background-meta":{"desktop":{"background-color":"var(--ast-global-color-5)","background-image":"","background-repeat":"repeat","background-position":"center center","background-size":"auto","background-attachment":"scroll","background-type":"","background-media":"","overlay-type":"","overlay-color":"","overlay-opacity":"","overlay-gradient":""},"tablet":{"background-color":"var(--ast-global-color-5)","background-image":"","background-repeat":"repeat","background-position":"center center","background-size":"auto","background-attachment":"scroll","background-type":"","background-media":"","overlay-type":"","overlay-color":"","overlay-opacity":"","overlay-gradient":""},"mobile":{"background-color":"var(--ast-global-color-5)","background-image":"","background-repeat":"repeat","background-position":"center center","background-size":"auto","background-attachment":"scroll","background-type":"","background-media":"","overlay-type":"","overlay-color":"","overlay-opacity":"","overlay-gradient":""}},"footnotes":""},"class_list":["post-99","page","type-page","status-publish","hentry"],"_links":{"self":[{"href":"https:\/\/www.obsfin.ch\/fr\/wp-json\/wp\/v2\/pages\/99","targetHints":{"allow":["GET"]}}],"collection":[{"href":"https:\/\/www.obsfin.ch\/fr\/wp-json\/wp\/v2\/pages"}],"about":[{"href":"https:\/\/www.obsfin.ch\/fr\/wp-json\/wp\/v2\/types\/page"}],"author":[{"embeddable":true,"href":"https:\/\/www.obsfin.ch\/fr\/wp-json\/wp\/v2\/users\/5"}],"replies":[{"embeddable":true,"href":"https:\/\/www.obsfin.ch\/fr\/wp-json\/wp\/v2\/comments?post=99"}],"version-history":[{"count":12,"href":"https:\/\/www.obsfin.ch\/fr\/wp-json\/wp\/v2\/pages\/99\/revisions"}],"predecessor-version":[{"id":1106,"href":"https:\/\/www.obsfin.ch\/fr\/wp-json\/wp\/v2\/pages\/99\/revisions\/1106"}],"up":[{"embeddable":true,"href":"https:\/\/www.obsfin.ch\/fr\/wp-json\/wp\/v2\/pages\/92"}],"wp:attachment":[{"href":"https:\/\/www.obsfin.ch\/fr\/wp-json\/wp\/v2\/media?parent=99"}],"curies":[{"name":"wp","href":"https:\/\/api.w.org\/{rel}","templated":true}]}}